{"id":14674,"date":"2026-03-26T16:36:42","date_gmt":"2026-03-26T15:36:42","guid":{"rendered":"https:\/\/agroimpact.ch\/pressemitteilung-vom-26-maerz-2026\/"},"modified":"2026-03-26T17:44:16","modified_gmt":"2026-03-26T16:44:16","slug":"pressemitteilung-vom-26-maerz-2026","status":"publish","type":"page","link":"https:\/\/agroimpact.ch\/de\/pressemitteilung-vom-26-maerz-2026\/","title":{"rendered":"Pressemitteilung vom 26. M\u00e4rz 2026"},"content":{"rendered":"\t\t<div data-elementor-type=\"wp-page\" data-elementor-id=\"14674\" class=\"elementor elementor-14674 elementor-14660\" data-elementor-post-type=\"page\">\n\t\t\t\t<div class=\"elementor-element elementor-element-74b9adf1 e-flex e-con-boxed e-con e-parent\" data-id=\"74b9adf1\" data-element_type=\"container\">\n\t\t\t\t\t<div class=\"e-con-inner\">\n\t\t<div class=\"elementor-element elementor-element-7c660f56 e-con-full e-flex e-con e-child\" data-id=\"7c660f56\" data-element_type=\"container\">\n\t\t\t\t<div class=\"elementor-element elementor-element-73a76a9b elementor-widget elementor-widget-heading\" data-id=\"73a76a9b\" data-element_type=\"widget\" data-widget_type=\"heading.default\">\n\t\t\t\t<div class=\"elementor-widget-container\">\n\t\t\t\t\t<h2 class=\"elementor-heading-title elementor-size-default\">Pressemitteilung<\/h2>\t\t\t\t<\/div>\n\t\t\t\t<\/div>\n\t\t\t\t<div class=\"elementor-element elementor-element-3af4e86 elementor-widget elementor-widget-heading\" data-id=\"3af4e86\" data-element_type=\"widget\" data-widget_type=\"heading.default\">\n\t\t\t\t<div class=\"elementor-widget-container\">\n\t\t\t\t\t<h2 class=\"elementor-heading-title elementor-size-default\">AgroImpact beschleunigt die Klimatransformation der Schweizer Landwirtschaft und erneuert seinen Vorstand.\n<\/h2>\t\t\t\t<\/div>\n\t\t\t\t<\/div>\n\t\t<div class=\"elementor-element elementor-element-3ecc24e6 e-con-full e-flex e-con e-child\" data-id=\"3ecc24e6\" data-element_type=\"container\">\n\t\t\t\t<div class=\"elementor-element elementor-element-738a6b1a elementor-widget elementor-widget-heading\" data-id=\"738a6b1a\" data-element_type=\"widget\" data-widget_type=\"heading.default\">\n\t\t\t\t<div class=\"elementor-widget-container\">\n\t\t\t\t\t<h3 class=\"elementor-heading-title elementor-size-default\">An ihrer 3. Generalversammlung in Bern zieht die Plattform AgroImpact eine solide Bilanz, k\u00fcndigt neue Instrumente f\u00fcr Landwirte an und erweitert ihre Ambitionen auf den Bereich Biodiversit\u00e4t.\n<\/h3>\t\t\t\t<\/div>\n\t\t\t\t<\/div>\n\t\t\t\t<\/div>\n\t\t<div class=\"elementor-element elementor-element-4aefabc7 e-con-full e-flex e-con e-child\" data-id=\"4aefabc7\" data-element_type=\"container\">\n\t\t\t\t<div class=\"elementor-element elementor-element-6d001928 elementor-widget elementor-widget-text-editor\" data-id=\"6d001928\" data-element_type=\"widget\" data-widget_type=\"text-editor.default\">\n\t\t\t\t<div class=\"elementor-widget-container\">\n\t\t\t\t\t\t\t\t\t<p>26. M\u00e4rz 2026<\/p>\t\t\t\t\t\t\t\t<\/div>\n\t\t\t\t<\/div>\n\t\t\t\t<\/div>\n\t\t\t\t<\/div>\n\t\t\t\t\t<\/div>\n\t\t\t\t<\/div>\n\t\t<div class=\"elementor-element elementor-element-7e79ad93 e-flex e-con-boxed e-con e-parent\" data-id=\"7e79ad93\" data-element_type=\"container\">\n\t\t\t\t\t<div class=\"e-con-inner\">\n\t\t<div class=\"elementor-element elementor-element-9f12790 e-con-full e-flex e-con e-child\" data-id=\"9f12790\" data-element_type=\"container\">\n\t\t\t\t<div class=\"elementor-element elementor-element-64db56e6 elementor-widget elementor-widget-text-editor\" data-id=\"64db56e6\" data-element_type=\"widget\" data-widget_type=\"text-editor.default\">\n\t\t\t\t<div class=\"elementor-widget-container\">\n\t\t\t\t\t\t\t\t\t<p>Am 26. M\u00e4rz haben die Mitglieder von AgroImpact eine positive Bilanz gezogen und die n\u00e4chsten Etappen der klimatischen Transformation des Agrarsektors eingeleitet. \u00ab<strong><em>Die Dekarbonisierung der Landwirtschaft und der Lebensmittelkette ist eine politische, technische und gesellschaftliche Selbstverst\u00e4ndlichkeit. Mit AgroImpact ist es nun m\u00f6glich, Ergebnisse zu erzielen, die nicht nur der Landwirtschaft, sondern der gesamten Gesellschaft zugutekommen<\/em><\/strong>\u00bb, betonte Pr\u00e4sident Claude Baehler in seiner Er\u00f6ffnungsrede. <\/p>\t\t\t\t\t\t\t\t<\/div>\n\t\t\t\t<\/div>\n\t\t\t\t<div class=\"elementor-element elementor-element-7822deb9 elementor-widget elementor-widget-text-editor\" data-id=\"7822deb9\" data-element_type=\"widget\" data-widget_type=\"text-editor.default\">\n\t\t\t\t<div class=\"elementor-widget-container\">\n\t\t\t\t\t\t\t\t\t<strong>Eine Plattform mit wachsendem Erfolg\n<\/strong>\t\t\t\t\t\t\t\t<\/div>\n\t\t\t\t<\/div>\n\t\t\t\t<div class=\"elementor-element elementor-element-7ea21fee elementor-widget elementor-widget-text-editor\" data-id=\"7ea21fee\" data-element_type=\"widget\" data-widget_type=\"text-editor.default\">\n\t\t\t\t<div class=\"elementor-widget-container\">\n\t\t\t\t\t\t\t\t\t<p>In zwei Jahren hat AgroImpact bereits <strong><strong>205 Betriebe in sechs Kantonen begleitet, zur Reduzierung von 125&#8217;758 Tonnen CO\u2082-\u00c4quivalenten beigetragen<\/strong><\/strong> (nicht emittiert oder gespeichert), 14,3 Millionen Franken auf der Plattform engagiert und bereits 3,97 Millionen Franken an Pr\u00e4mien an die Landwirte f\u00fcr einen Zeitraum von 6 Jahren vergeben \u2013 als Anerkennung ihrer Bem\u00fchungen zur Reduzierung ihrer Emissionen und zur Erh\u00f6hung der Kohlenstoffspeicherung in ihren B\u00f6den. Mit acht Landwirtschaftskammern, die AgroImpact angeh\u00f6ren, dem Beitritt neuer Industriepartner und H\u00e4ndler von nationaler Bedeutung sowie insgesamt 52 Mitgliedern aus der gesamten Schweizer Wertsch\u00f6pfungskette, positioniert sich die Plattform als unverzichtbares Kompetenzzentrum an der Schnittstelle zwischen Landwirtschaft und Klima. Das Ziel ist es, <strong><strong>bis Anfang 2027 1&#8217;000 Betriebe zu begleiten und bis 2028 auf 5&#8217;000 zu wachsen.<\/strong><\/strong><\/p><p>Nach der Schulung landwirtschaftlicher Berater in verschiedenen Deutschschweizer Kantonen werden bald Pilotprojekte mit dem Beitritt von Betrieben im Kanton Thurgau, im franz\u00f6sischsprachigen Teil des Kantons Bern, in Aargau und in Z\u00fcrich starten.<\/p>\t\t\t\t\t\t\t\t<\/div>\n\t\t\t\t<\/div>\n\t\t\t\t<div class=\"elementor-element elementor-element-53be3a90 elementor-widget elementor-widget-text-editor\" data-id=\"53be3a90\" data-element_type=\"widget\" data-widget_type=\"text-editor.default\">\n\t\t\t\t<div class=\"elementor-widget-container\">\n\t\t\t\t\t\t\t\t\t<strong>Neue leistungsstarke Instrumente in Aussicht\n<\/strong>\t\t\t\t\t\t\t\t<\/div>\n\t\t\t\t<\/div>\n\t\t\t\t<div class=\"elementor-element elementor-element-5beb7450 elementor-widget elementor-widget-text-editor\" data-id=\"5beb7450\" data-element_type=\"widget\" data-widget_type=\"text-editor.default\">\n\t\t\t\t<div class=\"elementor-widget-container\">\n\t\t\t\t\t\t\t\t\t<p>Zwei Priorit\u00e4ten wurden angek\u00fcndigt. <strong>Einerseits die Vereinfachung der Prozesse durch neue digitale Carbon-Diagnose-Tools, die zug\u00e4nglicher und kosteng\u00fcnstiger sind<\/strong>, um den Einstieg der Betriebe in das Programm zu erleichtern und gleichzeitig mit den internationalen wissenschaftlichen Standards im Einklang zu bleiben. <strong>Andererseits die Entwicklung eines Biodiversit\u00e4tsindikators<\/strong>, der gemeinsam vom WWF mit Wissenschaftlern und Landwirtschaftsorganisationen entwickelt wird, um \u00fcber die Klimafrage hinaus die Gesamtheit der Bem\u00fchungen der Landwirte f\u00fcr die Gesundheit ihrer B\u00f6den und \u00d6kosysteme zu messen. Dieser neue Indikator soll die Biodiversit\u00e4t auf den landwirtschaftlichen Betrieben verbessern und die Anstrengungen der Landwirte in diesem Bereich belohnen \u2013 nach demselben Prinzip wie der Klimaindikator f\u00fcr die CO\u2082-Reduktion. Die Finanzierung biodiversit\u00e4tsf\u00f6rdernder Massnahmen wird es beitragszahlenden Unternehmen erm\u00f6glichen, ihre SBTn-Ziele zu erreichen. Eine Pilotphase beginnt im Juni, mit einem endg\u00fcltigen Instrument bis 2028.    <\/p>\t\t\t\t\t\t\t\t<\/div>\n\t\t\t\t<\/div>\n\t\t\t\t<div class=\"elementor-element elementor-element-64c491c5 elementor-widget elementor-widget-text-editor\" data-id=\"64c491c5\" data-element_type=\"widget\" data-widget_type=\"text-editor.default\">\n\t\t\t\t<div class=\"elementor-widget-container\">\n\t\t\t\t\t\t\t\t\t<strong>Ein neuer Vorstand von nationaler Bedeutung\n<\/strong>\t\t\t\t\t\t\t\t<\/div>\n\t\t\t\t<\/div>\n\t\t\t\t<div class=\"elementor-element elementor-element-2d4517ae elementor-widget elementor-widget-text-editor\" data-id=\"2d4517ae\" data-element_type=\"widget\" data-widget_type=\"text-editor.default\">\n\t\t\t\t<div class=\"elementor-widget-container\">\n\t\t\t\t\t\t\t\t\t<p>Die Generalversammlung hat ausserdem einen neuen Vorstand gew\u00e4hlt, das einen weiteren Schritt in der nationalen Verankerung der Governance markiert. Marc Benoit (Landwirt) \u00fcbernimmt das Pr\u00e4sidium von Claude Baehler. Er wird von vier neuen Mitgliedern unterst\u00fctzt: Peter Spring (HAFL, Vizepr\u00e4sident), Martin Pidoux (Prom\u00e9terre, Vertreter der Landwirtschaftskammern), Hans Jorg Ruegsegger (Nationalrat, Vertreter der Produzentenverb\u00e4nde) und Markus Rombach (AGRIDEA, Vertreter der landwirtschaftlichen Beratung). Benoit Stadelman (WWF) und David Maradan (HEIG) werden zur Vertretung von NGOs und Forschungsinstituten wiedergew\u00e4hlt, ebenso wie Daniel Imhof (Nestl\u00e9) f\u00fcr Industrie und Handel. Johannes R\u00f6sti vertritt die Kantone und nimmt als Gast an den Vorstandssitzungen teil.    <\/p><p><strong><em>\u00abDie Klimatransformation der Landwirtschaft wird nicht verordnet \u2013 sie wird gemeinsam und auf Dauer aufgebaut\u00bb<\/em><\/strong>, erinnerte Direktorin Aude Jarabo. Sie betonte auch die Notwendigkeit, Ambition, wissenschaftliche Glaubw\u00fcrdigkeit und wirtschaftliche Tragf\u00e4higkeit in Einklang zu bringen, um AgroImpact dauerhaft im Dienst der Schweizer Landwirtschaft zu verankern. <\/p>\t\t\t\t\t\t\t\t<\/div>\n\t\t\t\t<\/div>\n\t\t\t\t<div class=\"elementor-element elementor-element-4f2cdd26 elementor-widget elementor-widget-text-editor\" data-id=\"4f2cdd26\" data-element_type=\"widget\" data-widget_type=\"text-editor.default\">\n\t\t\t\t<div class=\"elementor-widget-container\">\n\t\t\t\t\t\t\t\t\t<strong>\u00dcber AgroImpact<\/strong>\t\t\t\t\t\t\t\t<\/div>\n\t\t\t\t<\/div>\n\t\t\t\t<div class=\"elementor-element elementor-element-240475af elementor-widget elementor-widget-text-editor\" data-id=\"240475af\" data-element_type=\"widget\" data-widget_type=\"text-editor.default\">\n\t\t\t\t<div class=\"elementor-widget-container\">\n\t\t\t\t\t\t\t\t\t<p>Der im Dezember 2023 mit Unterst\u00fctzung des Kantons Waadt gegr\u00fcndete Verein AgroImpact vereint Akteure aus der gesamten Wertsch\u00f6pfungskette mit einer gemeinsamen Mission: die Klimatransformation der Schweizer Landwirtschaft zu begleiten. Zu diesem Zweck bietet er freiwilligen landwirtschaftlichen Betrieben die Erstellung einer vollst\u00e4ndigen Kohlenstoffbilanz an und unterst\u00fctzt sie anschliessend bei der Umsetzung massgeschneiderter Massnahmen, um ihren Klimafussabdruck wirksam und nachhaltig zu reduzieren. Seine wissenschaftlich fundierte Methodik basiert auf den Standards des IPCC und den Anforderungen der Science Based Target Initiative (SBTi). Seine Gr\u00fcndungsmitglieder sind: Agora, AGRIDEA, Agri Fribourg Freiburg, AgriGen\u00e8ve, AgriJura, die Walliser Landwirtschaftskammer, die Landwirtschaftskammer des Berner Jura, die Neuenburger Landwirtschafts- und Weinbaukammer, Earthworm Foundation, die EPFL, der Schweizerische Getreideproduzentenverband, HEG-Gen\u00e8ve, HEPIA, Nestl\u00e9 Schweiz, Proconseil, PROLAIT, Prom\u00e9terre, die Union fruiti\u00e8re l\u00e9manique und der WWF Schweiz.   <\/p>\t\t\t\t\t\t\t\t<\/div>\n\t\t\t\t<\/div>\n\t\t\t\t<\/div>\n\t\t\t\t\t<\/div>\n\t\t\t\t<\/div>\n\t\t<div class=\"elementor-element elementor-element-3f032cb8 e-flex e-con-boxed e-con e-parent\" data-id=\"3f032cb8\" data-element_type=\"container\">\n\t\t\t\t\t<div class=\"e-con-inner\">\n\t\t<div class=\"elementor-element elementor-element-28ac9af5 e-con-full e-flex e-con e-child\" data-id=\"28ac9af5\" data-element_type=\"container\">\n\t\t<div class=\"elementor-element elementor-element-60c2ee9 e-con-full e-flex e-con e-child\" data-id=\"60c2ee9\" data-element_type=\"container\">\n\t\t\t\t<div class=\"elementor-element elementor-element-4b4a9671 elementor-align-justify e-transform elementor-widget elementor-widget-button\" data-id=\"4b4a9671\" data-element_type=\"widget\" data-settings=\"{&quot;_transform_scale_effect_hover&quot;:{&quot;unit&quot;:&quot;px&quot;,&quot;size&quot;:1.02,&quot;sizes&quot;:[]},&quot;_transform_scale_effect_hover_widescreen&quot;:{&quot;unit&quot;:&quot;px&quot;,&quot;size&quot;:&quot;&quot;,&quot;sizes&quot;:[]},&quot;_transform_scale_effect_hover_laptop&quot;:{&quot;unit&quot;:&quot;px&quot;,&quot;size&quot;:&quot;&quot;,&quot;sizes&quot;:[]},&quot;_transform_scale_effect_hover_tablet_extra&quot;:{&quot;unit&quot;:&quot;px&quot;,&quot;size&quot;:&quot;&quot;,&quot;sizes&quot;:[]},&quot;_transform_scale_effect_hover_tablet&quot;:{&quot;unit&quot;:&quot;px&quot;,&quot;size&quot;:&quot;&quot;,&quot;sizes&quot;:[]},&quot;_transform_scale_effect_hover_mobile_extra&quot;:{&quot;unit&quot;:&quot;px&quot;,&quot;size&quot;:&quot;&quot;,&quot;sizes&quot;:[]},&quot;_transform_scale_effect_hover_mobile&quot;:{&quot;unit&quot;:&quot;px&quot;,&quot;size&quot;:&quot;&quot;,&quot;sizes&quot;:[]}}\" data-widget_type=\"button.default\">\n\t\t\t\t<div class=\"elementor-widget-container\">\n\t\t\t\t\t\t\t\t\t<div class=\"elementor-button-wrapper\">\n\t\t\t\t\t<a class=\"elementor-button elementor-button-link elementor-size-sm\" href=\"https:\/\/agroimpact.ch\/wp-content\/uploads\/2026\/03\/Communique-de-presse-26032026_AgroImpact.pdf\">\n\t\t\t\t\t\t<span class=\"elementor-button-content-wrapper\">\n\t\t\t\t\t\t<span class=\"elementor-button-icon\">\n\t\t\t\t<svg xmlns=\"http:\/\/www.w3.org\/2000\/svg\" xmlns:xlink=\"http:\/\/www.w3.org\/1999\/xlink\" aria-hidden=\"true\" role=\"img\" class=\"iconify iconify--ph\" width=\"100%\" height=\"100%\" preserveAspectRatio=\"xMidYMid meet\" viewBox=\"0 0 256 256\"><path fill=\"currentColor\" d=\"M83.2 112.8a4 4 0 0 1 5.6-5.6l35.2 35.1V40a4 4 0 0 1 8 0v102.3l35.2-35.1a4 4 0 1 1 5.6 5.6l-42 42a3.9 3.9 0 0 1-5.6 0ZM216 148a4 4 0 0 0-4 4v56a4 4 0 0 1-4 4H48a4 4 0 0 1-4-4v-56a4 4 0 0 0-8 0v56a12 12 0 0 0 12 12h160a12 12 0 0 0 12-12v-56a4 4 0 0 0-4-4Z\"><\/path><\/svg>\t\t\t<\/span>\n\t\t\t\t\t\t\t\t\t<span class=\"elementor-button-text\">Medienmitteilung downloaden<\/span>\n\t\t\t\t\t<\/span>\n\t\t\t\t\t<\/a>\n\t\t\t\t<\/div>\n\t\t\t\t\t\t\t\t<\/div>\n\t\t\t\t<\/div>\n\t\t\t\t<\/div>\n\t\t\t\t<\/div>\n\t\t\t\t\t<\/div>\n\t\t\t\t<\/div>\n\t\t<div class=\"elementor-element elementor-element-1cff49be e-flex e-con-boxed e-con e-parent\" data-id=\"1cff49be\" data-element_type=\"container\">\n\t\t\t\t\t<div class=\"e-con-inner\">\n\t\t<div class=\"elementor-element elementor-element-491c48d0 e-con-full e-flex e-con e-child\" data-id=\"491c48d0\" data-element_type=\"container\">\n\t\t<div class=\"elementor-element elementor-element-5e5c8eee e-con-full e-flex e-con e-child\" data-id=\"5e5c8eee\" data-element_type=\"container\">\n\t\t\t\t<div class=\"elementor-element elementor-element-6bd42fcb elementor-widget elementor-widget-heading\" data-id=\"6bd42fcb\" data-element_type=\"widget\" data-widget_type=\"heading.default\">\n\t\t\t\t<div class=\"elementor-widget-container\">\n\t\t\t\t\t<h2 class=\"elementor-heading-title elementor-size-default\">Medienkontakt: <\/h2>\t\t\t\t<\/div>\n\t\t\t\t<\/div>\n\t\t\t\t<\/div>\n\t\t<div class=\"elementor-element elementor-element-26cd3cd9 e-con-full e-flex e-con e-child\" data-id=\"26cd3cd9\" data-element_type=\"container\">\n\t\t\t\t<div class=\"elementor-element elementor-element-171c383e elementor-widget elementor-widget-heading\" data-id=\"171c383e\" data-element_type=\"widget\" data-widget_type=\"heading.default\">\n\t\t\t\t<div class=\"elementor-widget-container\">\n\t\t\t\t\t<h2 class=\"elementor-heading-title elementor-size-default\">Aude Jarabo<\/h2>\t\t\t\t<\/div>\n\t\t\t\t<\/div>\n\t\t\t\t<div class=\"elementor-element elementor-element-637f8726 elementor-widget elementor-widget-text-editor\" data-id=\"637f8726\" data-element_type=\"widget\" data-widget_type=\"text-editor.default\">\n\t\t\t\t<div class=\"elementor-widget-container\">\n\t\t\t\t\t\t\t\t\t<p>Gesch\u00e4ftsf\u00fchrerin AgroImpact<\/p><p>021 966 99 51, <br>078 330 10 30<\/p><p><br><a href=\"mailto:direction@agroimpact.ch\">direction@agroimpact.ch<\/a><\/p>\t\t\t\t\t\t\t\t<\/div>\n\t\t\t\t<\/div>\n\t\t\t\t<\/div>\n\t\t\t\t<\/div>\n\t\t\t\t\t<\/div>\n\t\t\t\t<\/div>\n\t\t\t\t<\/div>\n\t\t","protected":false},"excerpt":{"rendered":"<p>Pressemitteilung AgroImpact beschleunigt die Klimatransformation der Schweizer Landwirtschaft und erneuert seinen Vorstand. An ihrer 3. Generalversammlung in Bern zieht die Plattform AgroImpact eine solide Bilanz, k\u00fcndigt neue Instrumente f\u00fcr Landwirte an und erweitert ihre Ambitionen auf den Bereich Biodiversit\u00e4t. 26. M\u00e4rz 2026 Am 26. M\u00e4rz haben die Mitglieder von AgroImpact eine positive Bilanz gezogen und [&hellip;]<\/p>\n","protected":false},"author":1,"featured_media":0,"parent":0,"menu_order":0,"comment_status":"closed","ping_status":"closed","template":"","meta":{"footnotes":""},"class_list":["post-14674","page","type-page","status-publish","hentry"],"_links":{"self":[{"href":"https:\/\/agroimpact.ch\/de\/wp-json\/wp\/v2\/pages\/14674","targetHints":{"allow":["GET"]}}],"collection":[{"href":"https:\/\/agroimpact.ch\/de\/wp-json\/wp\/v2\/pages"}],"about":[{"href":"https:\/\/agroimpact.ch\/de\/wp-json\/wp\/v2\/types\/page"}],"author":[{"embeddable":true,"href":"https:\/\/agroimpact.ch\/de\/wp-json\/wp\/v2\/users\/1"}],"replies":[{"embeddable":true,"href":"https:\/\/agroimpact.ch\/de\/wp-json\/wp\/v2\/comments?post=14674"}],"version-history":[{"count":5,"href":"https:\/\/agroimpact.ch\/de\/wp-json\/wp\/v2\/pages\/14674\/revisions"}],"predecessor-version":[{"id":14691,"href":"https:\/\/agroimpact.ch\/de\/wp-json\/wp\/v2\/pages\/14674\/revisions\/14691"}],"wp:attachment":[{"href":"https:\/\/agroimpact.ch\/de\/wp-json\/wp\/v2\/media?parent=14674"}],"curies":[{"name":"wp","href":"https:\/\/api.w.org\/{rel}","templated":true}]}}