{"id":13748,"date":"2025-06-05T17:46:23","date_gmt":"2025-06-05T15:46:23","guid":{"rendered":"https:\/\/agroimpact.ch\/startseite\/"},"modified":"2026-03-04T11:38:14","modified_gmt":"2026-03-04T10:38:14","slug":"startseite","status":"publish","type":"page","link":"https:\/\/agroimpact.ch\/de\/","title":{"rendered":"Startseite"},"content":{"rendered":"\t\t<div data-elementor-type=\"wp-page\" data-elementor-id=\"13748\" class=\"elementor elementor-13748 elementor-4125\" data-elementor-post-type=\"page\">\n\t\t\t\t<div class=\"elementor-element elementor-element-ed071b9 e-con-full e-flex e-con e-parent\" data-id=\"ed071b9\" data-element_type=\"container\" data-settings=\"{&quot;background_background&quot;:&quot;classic&quot;}\">\n\t\t<div class=\"elementor-element elementor-element-9a6d2ed e-flex e-con-boxed e-con e-child\" data-id=\"9a6d2ed\" data-element_type=\"container\" data-settings=\"{&quot;background_background&quot;:&quot;classic&quot;}\">\n\t\t\t\t\t<div class=\"e-con-inner\">\n\t\t<div class=\"elementor-element elementor-element-78fd1e1 e-flex e-con-boxed e-con e-child\" data-id=\"78fd1e1\" data-element_type=\"container\">\n\t\t\t\t\t<div class=\"e-con-inner\">\n\t\t\t\t<div class=\"elementor-element elementor-element-133ccf2 elementor-widget elementor-widget-heading\" data-id=\"133ccf2\" data-element_type=\"widget\" data-widget_type=\"heading.default\">\n\t\t\t\t<div class=\"elementor-widget-container\">\n\t\t\t\t\t<h1 class=\"elementor-heading-title elementor-size-default\">Gemeinsam <br>machen wir die Landwirtschaft <br>zu einem Verb\u00fcndeten des Klimas<\/h1>\t\t\t\t<\/div>\n\t\t\t\t<\/div>\n\t\t\t\t<div class=\"elementor-element elementor-element-8383e94 elementor-widget elementor-widget-text-editor\" data-id=\"8383e94\" data-element_type=\"widget\" data-widget_type=\"text-editor.default\">\n\t\t\t\t<div class=\"elementor-widget-container\">\n\t\t\t\t\t\t\t\t\t<p>Der Klimawandel ist eine gro\u00dfe Herausforderung f\u00fcr die Landwirtschaft.<\/p>\t\t\t\t\t\t\t\t<\/div>\n\t\t\t\t<\/div>\n\t\t\t\t<div class=\"elementor-element elementor-element-4537e24 elementor-widget-divider--view-line elementor-widget elementor-widget-divider\" data-id=\"4537e24\" data-element_type=\"widget\" data-widget_type=\"divider.default\">\n\t\t\t\t<div class=\"elementor-widget-container\">\n\t\t\t\t\t\t\t<div class=\"elementor-divider\">\n\t\t\t<span class=\"elementor-divider-separator\">\n\t\t\t\t\t\t<\/span>\n\t\t<\/div>\n\t\t\t\t\t\t<\/div>\n\t\t\t\t<\/div>\n\t\t\t\t<div class=\"elementor-element elementor-element-c4c3783 elementor-widget elementor-widget-text-editor\" data-id=\"c4c3783\" data-element_type=\"widget\" data-widget_type=\"text-editor.default\">\n\t\t\t\t<div class=\"elementor-widget-container\">\n\t\t\t\t\t\t\t\t\t<p>AgroImpact unterst\u00fctzt Landwirte und Unternehmen dabei, ihre Praktiken anzupassen, ihren CO2-Fussabdruck zu reduzieren und die Klimatransformation der Landwirtschaft zu beschleunigen.<\/p>\t\t\t\t\t\t\t\t<\/div>\n\t\t\t\t<\/div>\n\t\t\t\t\t<\/div>\n\t\t\t\t<\/div>\n\t\t\t\t\t<\/div>\n\t\t\t\t<\/div>\n\t\t\t\t<\/div>\n\t\t<div class=\"elementor-element elementor-element-755e685 e-flex e-con-boxed e-con e-parent\" data-id=\"755e685\" data-element_type=\"container\" data-settings=\"{&quot;background_background&quot;:&quot;classic&quot;}\">\n\t\t\t\t\t<div class=\"e-con-inner\">\n\t\t\t\t<div class=\"elementor-element elementor-element-fc09dae elementor-widget elementor-widget-heading\" data-id=\"fc09dae\" data-element_type=\"widget\" data-widget_type=\"heading.default\">\n\t\t\t\t<div class=\"elementor-widget-container\">\n\t\t\t\t\t<h2 class=\"elementor-heading-title elementor-size-default\">Ein neutrales Werkzeug f\u00fcr Austausch und Aggregation zur Klimatransformation der Betriebe.<\/h2>\t\t\t\t<\/div>\n\t\t\t\t<\/div>\n\t\t\t\t\t<\/div>\n\t\t\t\t<\/div>\n\t\t<div class=\"elementor-element elementor-element-d2bdec3 e-con-full e-flex e-con e-parent\" data-id=\"d2bdec3\" data-element_type=\"container\" data-settings=\"{&quot;background_background&quot;:&quot;classic&quot;}\">\n\t\t<div class=\"elementor-element elementor-element-187657a e-con-full e-flex e-con e-child\" data-id=\"187657a\" data-element_type=\"container\">\n\t\t<div class=\"elementor-element elementor-element-0e48c68 e-con-full e-transform e-flex e-con e-child\" data-id=\"0e48c68\" data-element_type=\"container\" data-settings=\"{&quot;background_background&quot;:&quot;classic&quot;,&quot;_transform_scale_effect_hover&quot;:{&quot;unit&quot;:&quot;px&quot;,&quot;size&quot;:1.015,&quot;sizes&quot;:[]},&quot;_transform_scale_effect_hover_widescreen&quot;:{&quot;unit&quot;:&quot;px&quot;,&quot;size&quot;:&quot;&quot;,&quot;sizes&quot;:[]},&quot;_transform_scale_effect_hover_laptop&quot;:{&quot;unit&quot;:&quot;px&quot;,&quot;size&quot;:&quot;&quot;,&quot;sizes&quot;:[]},&quot;_transform_scale_effect_hover_tablet_extra&quot;:{&quot;unit&quot;:&quot;px&quot;,&quot;size&quot;:&quot;&quot;,&quot;sizes&quot;:[]},&quot;_transform_scale_effect_hover_tablet&quot;:{&quot;unit&quot;:&quot;px&quot;,&quot;size&quot;:&quot;&quot;,&quot;sizes&quot;:[]},&quot;_transform_scale_effect_hover_mobile_extra&quot;:{&quot;unit&quot;:&quot;px&quot;,&quot;size&quot;:&quot;&quot;,&quot;sizes&quot;:[]},&quot;_transform_scale_effect_hover_mobile&quot;:{&quot;unit&quot;:&quot;px&quot;,&quot;size&quot;:&quot;&quot;,&quot;sizes&quot;:[]}}\">\n\t\t\t\t<div class=\"elementor-element elementor-element-eceb4d8 elementor-view-default elementor-widget elementor-widget-icon\" data-id=\"eceb4d8\" data-element_type=\"widget\" data-widget_type=\"icon.default\">\n\t\t\t\t<div class=\"elementor-widget-container\">\n\t\t\t\t\t\t\t<div class=\"elementor-icon-wrapper\">\n\t\t\t<div class=\"elementor-icon\">\n\t\t\t<svg xmlns=\"http:\/\/www.w3.org\/2000\/svg\" xmlns:xlink=\"http:\/\/www.w3.org\/1999\/xlink\" aria-hidden=\"true\" role=\"img\" class=\"iconify iconify--ph\" width=\"100%\" height=\"100%\" preserveAspectRatio=\"xMidYMid meet\" viewBox=\"0 0 256 256\"><path fill=\"currentColor\" d=\"M128 28a100 100 0 1 0 100 100A100.2 100.2 0 0 0 128 28Zm0 192a92 92 0 1 1 92-92a92.1 92.1 0 0 1-92 92Zm8-40a8 8 0 1 1-8-8a8 8 0 0 1 8 8Zm24-72a32.1 32.1 0 0 1-28 31.8v4.2a4 4 0 0 1-8 0v-8a4 4 0 0 1 4-4a24 24 0 1 0-24-24a4 4 0 0 1-8 0a32 32 0 0 1 64 0Z\"><\/path><\/svg>\t\t\t<\/div>\n\t\t<\/div>\n\t\t\t\t\t\t<\/div>\n\t\t\t\t<\/div>\n\t\t\t\t<div class=\"elementor-element elementor-element-4dae73a elementor-widget elementor-widget-text-editor\" data-id=\"4dae73a\" data-element_type=\"widget\" data-widget_type=\"text-editor.default\">\n\t\t\t\t<div class=\"elementor-widget-container\">\n\t\t\t\t\t\t\t\t\t<h3>Was ist die Plattform<br>AgroImpact?<\/h3>\t\t\t\t\t\t\t\t<\/div>\n\t\t\t\t<\/div>\n\t\t\t\t<div class=\"elementor-element elementor-element-640c595 elementor-align-center elementor-widget elementor-widget-button\" data-id=\"640c595\" data-element_type=\"widget\" data-widget_type=\"button.default\">\n\t\t\t\t<div class=\"elementor-widget-container\">\n\t\t\t\t\t\t\t\t\t<div class=\"elementor-button-wrapper\">\n\t\t\t\t\t<a class=\"elementor-button elementor-button-link elementor-size-sm\" href=\"https:\/\/agroimpact.ch\/de\/was-ist-die-plattform\/\">\n\t\t\t\t\t\t<span class=\"elementor-button-content-wrapper\">\n\t\t\t\t\t\t\t\t\t<span class=\"elementor-button-text\">Ansehen<\/span>\n\t\t\t\t\t<\/span>\n\t\t\t\t\t<\/a>\n\t\t\t\t<\/div>\n\t\t\t\t\t\t\t\t<\/div>\n\t\t\t\t<\/div>\n\t\t\t\t<\/div>\n\t\t\t\t<\/div>\n\t\t<nav class=\"elementor-element elementor-element-905488c e-con-full e-transform e-flex e-con e-child\" data-id=\"905488c\" data-element_type=\"container\" data-settings=\"{&quot;_transform_scale_effect_hover&quot;:{&quot;unit&quot;:&quot;px&quot;,&quot;size&quot;:&quot;&quot;,&quot;sizes&quot;:[]},&quot;_transform_scale_effect_hover_widescreen&quot;:{&quot;unit&quot;:&quot;px&quot;,&quot;size&quot;:&quot;&quot;,&quot;sizes&quot;:[]},&quot;_transform_scale_effect_hover_laptop&quot;:{&quot;unit&quot;:&quot;px&quot;,&quot;size&quot;:&quot;&quot;,&quot;sizes&quot;:[]},&quot;_transform_scale_effect_hover_tablet_extra&quot;:{&quot;unit&quot;:&quot;px&quot;,&quot;size&quot;:&quot;&quot;,&quot;sizes&quot;:[]},&quot;_transform_scale_effect_hover_tablet&quot;:{&quot;unit&quot;:&quot;px&quot;,&quot;size&quot;:&quot;&quot;,&quot;sizes&quot;:[]},&quot;_transform_scale_effect_hover_mobile_extra&quot;:{&quot;unit&quot;:&quot;px&quot;,&quot;size&quot;:&quot;&quot;,&quot;sizes&quot;:[]},&quot;_transform_scale_effect_hover_mobile&quot;:{&quot;unit&quot;:&quot;px&quot;,&quot;size&quot;:&quot;&quot;,&quot;sizes&quot;:[]}}\">\n\t\t<div class=\"elementor-element elementor-element-4420a6a e-con-full e-transform e-flex e-con e-child\" data-id=\"4420a6a\" data-element_type=\"container\" data-settings=\"{&quot;background_background&quot;:&quot;classic&quot;,&quot;_transform_scale_effect_hover&quot;:{&quot;unit&quot;:&quot;px&quot;,&quot;size&quot;:1.015,&quot;sizes&quot;:[]},&quot;_transform_scale_effect_hover_widescreen&quot;:{&quot;unit&quot;:&quot;px&quot;,&quot;size&quot;:&quot;&quot;,&quot;sizes&quot;:[]},&quot;_transform_scale_effect_hover_laptop&quot;:{&quot;unit&quot;:&quot;px&quot;,&quot;size&quot;:&quot;&quot;,&quot;sizes&quot;:[]},&quot;_transform_scale_effect_hover_tablet_extra&quot;:{&quot;unit&quot;:&quot;px&quot;,&quot;size&quot;:&quot;&quot;,&quot;sizes&quot;:[]},&quot;_transform_scale_effect_hover_tablet&quot;:{&quot;unit&quot;:&quot;px&quot;,&quot;size&quot;:&quot;&quot;,&quot;sizes&quot;:[]},&quot;_transform_scale_effect_hover_mobile_extra&quot;:{&quot;unit&quot;:&quot;px&quot;,&quot;size&quot;:&quot;&quot;,&quot;sizes&quot;:[]},&quot;_transform_scale_effect_hover_mobile&quot;:{&quot;unit&quot;:&quot;px&quot;,&quot;size&quot;:&quot;&quot;,&quot;sizes&quot;:[]}}\">\n\t\t\t\t<div class=\"elementor-element elementor-element-d212c11 elementor-view-default elementor-widget elementor-widget-icon\" data-id=\"d212c11\" data-element_type=\"widget\" data-widget_type=\"icon.default\">\n\t\t\t\t<div class=\"elementor-widget-container\">\n\t\t\t\t\t\t\t<div class=\"elementor-icon-wrapper\">\n\t\t\t<div class=\"elementor-icon\">\n\t\t\t<svg xmlns=\"http:\/\/www.w3.org\/2000\/svg\" xmlns:xlink=\"http:\/\/www.w3.org\/1999\/xlink\" aria-hidden=\"true\" role=\"img\" class=\"iconify iconify--ph\" width=\"100%\" height=\"100%\" preserveAspectRatio=\"xMidYMid meet\" viewBox=\"0 0 256 256\"><path fill=\"currentColor\" d=\"M100 109.5v-72a3.9 3.9 0 0 0-1.7-3.3a3.8 3.8 0 0 0-3.6-.5A100.2 100.2 0 0 0 28 128a102.1 102.1 0 0 0 1.7 18.3a4.1 4.1 0 0 0 2.2 2.9a5.3 5.3 0 0 0 1.7.4a3.6 3.6 0 0 0 2-.6L98 113a4 4 0 0 0 2-3.5Zm-8-2.3l-55.3 32A84.2 84.2 0 0 1 36 128a92.2 92.2 0 0 1 56-84.7Zm122.7-29c0-.1-.1-.1-.1-.2s-.1-.1-.1-.2A100 100 0 0 0 128 28a4 4 0 0 0-4 4v93.7l-81.1 46.8a4.1 4.1 0 0 0-1.5 5.5l.2.3l.2.4A100 100 0 0 0 228 128a99.1 99.1 0 0 0-13.3-49.8ZM132 36.1a92.1 92.1 0 0 1 73.6 42.5L132 121.1ZM128 220a92.4 92.4 0 0 1-77.6-42.6l159.2-91.9A92 92 0 0 1 128 220Z\"><\/path><\/svg>\t\t\t<\/div>\n\t\t<\/div>\n\t\t\t\t\t\t<\/div>\n\t\t\t\t<\/div>\n\t\t\t\t<div class=\"elementor-element elementor-element-353780c elementor-widget elementor-widget-text-editor\" data-id=\"353780c\" data-element_type=\"widget\" data-widget_type=\"text-editor.default\">\n\t\t\t\t<div class=\"elementor-widget-container\">\n\t\t\t\t\t\t\t\t\t<h3>Zugang zur Plattform<\/h3>\t\t\t\t\t\t\t\t<\/div>\n\t\t\t\t<\/div>\n\t\t\t\t<div class=\"elementor-element elementor-element-f522a75 elementor-widget elementor-widget-text-editor\" data-id=\"f522a75\" data-element_type=\"widget\" data-widget_type=\"text-editor.default\">\n\t\t\t\t<div class=\"elementor-widget-container\">\n\t\t\t\t\t\t\t\t\t<h4>Verf\u00fcgbare und gesuchte Mengen an dekarbonisierten Agrarprodukten <\/h4>\t\t\t\t\t\t\t\t<\/div>\n\t\t\t\t<\/div>\n\t\t\t\t<div class=\"elementor-element elementor-element-b2f8196 elementor-align-center elementor-widget elementor-widget-button\" data-id=\"b2f8196\" data-element_type=\"widget\" data-widget_type=\"button.default\">\n\t\t\t\t<div class=\"elementor-widget-container\">\n\t\t\t\t\t\t\t\t\t<div class=\"elementor-button-wrapper\">\n\t\t\t\t\t<a class=\"elementor-button elementor-button-link elementor-size-sm\" href=\"https:\/\/agroimpact.ch\/de\/zugang-fuer-landwirte-oder-industrieunternehmen\/\">\n\t\t\t\t\t\t<span class=\"elementor-button-content-wrapper\">\n\t\t\t\t\t\t\t\t\t<span class=\"elementor-button-text\">Betreten<\/span>\n\t\t\t\t\t<\/span>\n\t\t\t\t\t<\/a>\n\t\t\t\t<\/div>\n\t\t\t\t\t\t\t\t<\/div>\n\t\t\t\t<\/div>\n\t\t\t\t<\/div>\n\t\t\t\t<\/nav>\n\t\t<div class=\"elementor-element elementor-element-69abdc8 e-con-full e-flex e-con e-child\" data-id=\"69abdc8\" data-element_type=\"container\">\n\t\t<div class=\"elementor-element elementor-element-b7d135e e-con-full e-transform e-flex e-con e-child\" data-id=\"b7d135e\" data-element_type=\"container\" data-settings=\"{&quot;background_background&quot;:&quot;classic&quot;,&quot;_transform_scale_effect_hover&quot;:{&quot;unit&quot;:&quot;px&quot;,&quot;size&quot;:1.015,&quot;sizes&quot;:[]},&quot;_transform_scale_effect_hover_widescreen&quot;:{&quot;unit&quot;:&quot;px&quot;,&quot;size&quot;:&quot;&quot;,&quot;sizes&quot;:[]},&quot;_transform_scale_effect_hover_laptop&quot;:{&quot;unit&quot;:&quot;px&quot;,&quot;size&quot;:&quot;&quot;,&quot;sizes&quot;:[]},&quot;_transform_scale_effect_hover_tablet_extra&quot;:{&quot;unit&quot;:&quot;px&quot;,&quot;size&quot;:&quot;&quot;,&quot;sizes&quot;:[]},&quot;_transform_scale_effect_hover_tablet&quot;:{&quot;unit&quot;:&quot;px&quot;,&quot;size&quot;:&quot;&quot;,&quot;sizes&quot;:[]},&quot;_transform_scale_effect_hover_mobile_extra&quot;:{&quot;unit&quot;:&quot;px&quot;,&quot;size&quot;:&quot;&quot;,&quot;sizes&quot;:[]},&quot;_transform_scale_effect_hover_mobile&quot;:{&quot;unit&quot;:&quot;px&quot;,&quot;size&quot;:&quot;&quot;,&quot;sizes&quot;:[]}}\">\n\t\t\t\t<div class=\"elementor-element elementor-element-03bc32d elementor-view-default elementor-widget elementor-widget-icon\" data-id=\"03bc32d\" data-element_type=\"widget\" data-widget_type=\"icon.default\">\n\t\t\t\t<div class=\"elementor-widget-container\">\n\t\t\t\t\t\t\t<div class=\"elementor-icon-wrapper\">\n\t\t\t<div class=\"elementor-icon\">\n\t\t\t<svg xmlns=\"http:\/\/www.w3.org\/2000\/svg\" xmlns:xlink=\"http:\/\/www.w3.org\/1999\/xlink\" aria-hidden=\"true\" role=\"img\" class=\"iconify iconify--ph\" width=\"100%\" height=\"100%\" preserveAspectRatio=\"xMidYMid meet\" viewBox=\"0 0 256 256\"><path fill=\"currentColor\" d=\"M176 60H80a4 4 0 0 0-4 4v48a4 4 0 0 0 4 4h96a4 4 0 0 0 4-4V64a4 4 0 0 0-4-4Zm-4 48H84V68h88Zm28-80H56a12 12 0 0 0-12 12v176a12 12 0 0 0 12 12h144a12 12 0 0 0 12-12V40a12 12 0 0 0-12-12Zm4 188a4 4 0 0 1-4 4H56a4 4 0 0 1-4-4V40a4 4 0 0 1 4-4h144a4 4 0 0 1 4 4Zm-68-68a8 8 0 1 1-8-8a8 8 0 0 1 8 8Zm0 40a8 8 0 1 1-8-8a8 8 0 0 1 8 8Zm-40-40a8 8 0 1 1-8-8a8 8 0 0 1 8 8Zm0 40a8 8 0 1 1-8-8a8 8 0 0 1 8 8Zm80-40a8 8 0 1 1-8-8a8 8 0 0 1 8 8Zm0 40a8 8 0 1 1-8-8a8 8 0 0 1 8 8Z\"><\/path><\/svg>\t\t\t<\/div>\n\t\t<\/div>\n\t\t\t\t\t\t<\/div>\n\t\t\t\t<\/div>\n\t\t\t\t<div class=\"elementor-element elementor-element-173c6f7 elementor-widget elementor-widget-text-editor\" data-id=\"173c6f7\" data-element_type=\"widget\" data-widget_type=\"text-editor.default\">\n\t\t\t\t<div class=\"elementor-widget-container\">\n\t\t\t\t\t\t\t\t\t<h3>Wie werden <br>die\n Klimapr\u00e4mien berechnet?<\/h3>\t\t\t\t\t\t\t\t<\/div>\n\t\t\t\t<\/div>\n\t\t\t\t<div class=\"elementor-element elementor-element-890950c elementor-align-center elementor-widget elementor-widget-button\" data-id=\"890950c\" data-element_type=\"widget\" data-widget_type=\"button.default\">\n\t\t\t\t<div class=\"elementor-widget-container\">\n\t\t\t\t\t\t\t\t\t<div class=\"elementor-button-wrapper\">\n\t\t\t\t\t<a class=\"elementor-button elementor-button-link elementor-size-sm\" href=\"https:\/\/agroimpact.ch\/de\/wie-werden-die-klimapraemien-berechnet\/\">\n\t\t\t\t\t\t<span class=\"elementor-button-content-wrapper\">\n\t\t\t\t\t\t\t\t\t<span class=\"elementor-button-text\">Ansehen<\/span>\n\t\t\t\t\t<\/span>\n\t\t\t\t\t<\/a>\n\t\t\t\t<\/div>\n\t\t\t\t\t\t\t\t<\/div>\n\t\t\t\t<\/div>\n\t\t\t\t<\/div>\n\t\t\t\t<\/div>\n\t\t\t\t<\/div>\n\t\t\t\t<\/div>\n\t\t","protected":false},"excerpt":{"rendered":"<p>Gemeinsam machen wir die Landwirtschaft zu einem Verb\u00fcndeten des Klimas Der Klimawandel ist eine gro\u00dfe Herausforderung f\u00fcr die Landwirtschaft. AgroImpact unterst\u00fctzt Landwirte und Unternehmen dabei, ihre Praktiken anzupassen, ihren CO2-Fussabdruck zu reduzieren und die Klimatransformation der Landwirtschaft zu beschleunigen. Ein neutrales Werkzeug f\u00fcr Austausch und Aggregation zur Klimatransformation der Betriebe. Was ist die PlattformAgroImpact? Ansehen [&hellip;]<\/p>\n","protected":false},"author":1,"featured_media":0,"parent":0,"menu_order":0,"comment_status":"closed","ping_status":"closed","template":"","meta":{"footnotes":""},"class_list":["post-13748","page","type-page","status-publish","hentry"],"_links":{"self":[{"href":"https:\/\/agroimpact.ch\/de\/wp-json\/wp\/v2\/pages\/13748","targetHints":{"allow":["GET"]}}],"collection":[{"href":"https:\/\/agroimpact.ch\/de\/wp-json\/wp\/v2\/pages"}],"about":[{"href":"https:\/\/agroimpact.ch\/de\/wp-json\/wp\/v2\/types\/page"}],"author":[{"embeddable":true,"href":"https:\/\/agroimpact.ch\/de\/wp-json\/wp\/v2\/users\/1"}],"replies":[{"embeddable":true,"href":"https:\/\/agroimpact.ch\/de\/wp-json\/wp\/v2\/comments?post=13748"}],"version-history":[{"count":2,"href":"https:\/\/agroimpact.ch\/de\/wp-json\/wp\/v2\/pages\/13748\/revisions"}],"predecessor-version":[{"id":14465,"href":"https:\/\/agroimpact.ch\/de\/wp-json\/wp\/v2\/pages\/13748\/revisions\/14465"}],"wp:attachment":[{"href":"https:\/\/agroimpact.ch\/de\/wp-json\/wp\/v2\/media?parent=13748"}],"curies":[{"name":"wp","href":"https:\/\/api.w.org\/{rel}","templated":true}]}}