{"id":13640,"date":"2025-05-13T07:18:27","date_gmt":"2025-05-13T05:18:27","guid":{"rendered":"https:\/\/agroimpact.ch\/methodische-und-paedagogische-merkblaetter\/"},"modified":"2026-01-10T09:32:12","modified_gmt":"2026-01-10T08:32:12","slug":"methodische-und-paedagogische-merkblaetter","status":"publish","type":"page","link":"https:\/\/agroimpact.ch\/de\/methodische-und-paedagogische-merkblaetter\/","title":{"rendered":"Methodische und p\u00e4dagogische Merkbl\u00e4tter"},"content":{"rendered":"\t\t<div data-elementor-type=\"wp-page\" data-elementor-id=\"13640\" class=\"elementor elementor-13640 elementor-146\" data-elementor-post-type=\"page\">\n\t\t\t\t<div class=\"elementor-element elementor-element-522171f6 e-flex e-con-boxed e-con e-parent\" data-id=\"522171f6\" data-element_type=\"container\" data-settings=\"{&quot;background_background&quot;:&quot;classic&quot;}\">\n\t\t\t\t\t<div class=\"e-con-inner\">\n\t\t<div class=\"elementor-element elementor-element-347f8cf3 e-con-full e-flex e-con e-child\" data-id=\"347f8cf3\" data-element_type=\"container\">\n\t\t\t\t<div class=\"elementor-element elementor-element-6945daf elementor-widget elementor-widget-heading\" data-id=\"6945daf\" data-element_type=\"widget\" data-widget_type=\"heading.default\">\n\t\t\t\t<div class=\"elementor-widget-container\">\n\t\t\t\t\t<h2 class=\"elementor-heading-title elementor-size-default\">Merkbl\u00e4tter<\/h2>\t\t\t\t<\/div>\n\t\t\t\t<\/div>\n\t\t\t\t<div class=\"elementor-element elementor-element-575743cf elementor-widget-divider--view-line elementor-widget elementor-widget-divider\" data-id=\"575743cf\" data-element_type=\"widget\" data-widget_type=\"divider.default\">\n\t\t\t\t<div class=\"elementor-widget-container\">\n\t\t\t\t\t\t\t<div class=\"elementor-divider\">\n\t\t\t<span class=\"elementor-divider-separator\">\n\t\t\t\t\t\t<\/span>\n\t\t<\/div>\n\t\t\t\t\t\t<\/div>\n\t\t\t\t<\/div>\n\t\t\t\t<\/div>\n\t\t<div class=\"elementor-element elementor-element-6a7d6eb0 e-con-full e-flex e-con e-child\" data-id=\"6a7d6eb0\" data-element_type=\"container\">\n\t\t\t\t<div class=\"elementor-element elementor-element-26a45bda elementor-widget elementor-widget-text-editor\" data-id=\"26a45bda\" data-element_type=\"widget\" data-widget_type=\"text-editor.default\">\n\t\t\t\t<div class=\"elementor-widget-container\">\n\t\t\t\t\t\t\t\t\t<p>Hier finden Sie die von AgroImpact erstellten p\u00e4dagogischen Merkbl\u00e4tter.<\/p>\t\t\t\t\t\t\t\t<\/div>\n\t\t\t\t<\/div>\n\t\t\t\t<\/div>\n\t\t\t\t\t<\/div>\n\t\t\t\t<\/div>\n\t\t<div class=\"elementor-element elementor-element-0697eeb e-flex e-con-boxed e-con e-parent\" data-id=\"0697eeb\" data-element_type=\"container\">\n\t\t\t\t\t<div class=\"e-con-inner\">\n\t\t\t\t<div class=\"elementor-element elementor-element-3778235 elementor-widget elementor-widget-jet-listing-grid\" data-id=\"3778235\" data-element_type=\"widget\" data-settings=\"{&quot;columns&quot;:&quot;3&quot;,&quot;columns_mobile&quot;:&quot;1&quot;}\" data-widget_type=\"jet-listing-grid.default\">\n\t\t\t\t<div class=\"elementor-widget-container\">\n\t\t\t\t\t<div class=\"jet-listing-grid jet-listing-grid--lazy-load jet-listing jet-listing-grid-loading\" data-lazy-load=\"{&quot;offset&quot;:&quot;0px&quot;,&quot;post_id&quot;:13640,&quot;queried_id&quot;:&quot;13640|WP_Post&quot;}\"><div class=\"jet-listing-grid__loader\"><div class=\"jet-listing-grid__loader-spinner\"><\/div><\/div><\/div>\t\t\t\t<\/div>\n\t\t\t\t<\/div>\n\t\t\t\t\t<\/div>\n\t\t\t\t<\/div>\n\t\t<div class=\"elementor-element elementor-element-3da93763 e-con-full e-flex e-con e-parent\" data-id=\"3da93763\" data-element_type=\"container\" data-settings=\"{&quot;background_background&quot;:&quot;classic&quot;}\">\n\t\t<div class=\"elementor-element elementor-element-35b4bd73 e-con-full e-flex e-con e-child\" data-id=\"35b4bd73\" data-element_type=\"container\" data-settings=\"{&quot;background_background&quot;:&quot;classic&quot;}\">\n\t\t\t\t<div class=\"elementor-element elementor-element-49ef5ed4 elementor-widget elementor-widget-text-editor\" data-id=\"49ef5ed4\" data-element_type=\"widget\" data-widget_type=\"text-editor.default\">\n\t\t\t\t<div class=\"elementor-widget-container\">\n\t\t\t\t\t\t\t\t\t<p>Sie m\u00f6chten mehr wissen?<\/p>\t\t\t\t\t\t\t\t<\/div>\n\t\t\t\t<\/div>\n\t\t\t\t<div class=\"elementor-element elementor-element-651820a1 elementor-widget elementor-widget-text-editor\" data-id=\"651820a1\" data-element_type=\"widget\" data-widget_type=\"text-editor.default\">\n\t\t\t\t<div class=\"elementor-widget-container\">\n\t\t\t\t\t\t\t\t\t<p>Erkunden Sie weitere Inhalte, um Ihr Wissen \u00fcber unsere Projekte, unsere Ver\u00f6ffentlichungen und unser Engagement f\u00fcr eine nachhaltige Landwirtschaft zu vertiefen.<\/p>\t\t\t\t\t\t\t\t<\/div>\n\t\t\t\t<\/div>\n\t\t\t\t<div class=\"elementor-element elementor-element-616e6808 elementor-align-center elementor-widget elementor-widget-button\" data-id=\"616e6808\" data-element_type=\"widget\" data-widget_type=\"button.default\">\n\t\t\t\t<div class=\"elementor-widget-container\">\n\t\t\t\t\t\t\t\t\t<div class=\"elementor-button-wrapper\">\n\t\t\t\t\t<a class=\"elementor-button elementor-button-link elementor-size-sm elementor-animation-grow\" href=\"https:\/\/agroimpact.ch\/?page_id=221\">\n\t\t\t\t\t\t<span class=\"elementor-button-content-wrapper\">\n\t\t\t\t\t\t\t\t\t<span class=\"elementor-button-text\">Unsere Klimaziele<\/span>\n\t\t\t\t\t<\/span>\n\t\t\t\t\t<\/a>\n\t\t\t\t<\/div>\n\t\t\t\t\t\t\t\t<\/div>\n\t\t\t\t<\/div>\n\t\t\t\t<\/div>\n\t\t\t\t<\/div>\n\t\t\t\t<\/div>\n\t\t","protected":false},"excerpt":{"rendered":"<p>Merkbl\u00e4tter Hier finden Sie die von AgroImpact erstellten p\u00e4dagogischen Merkbl\u00e4tter. Sie m\u00f6chten mehr wissen? Erkunden Sie weitere Inhalte, um Ihr Wissen \u00fcber unsere Projekte, unsere Ver\u00f6ffentlichungen und unser Engagement f\u00fcr eine nachhaltige Landwirtschaft zu vertiefen. Unsere Klimaziele<\/p>\n","protected":false},"author":1,"featured_media":0,"parent":0,"menu_order":0,"comment_status":"closed","ping_status":"closed","template":"","meta":{"footnotes":""},"class_list":["post-13640","page","type-page","status-publish","hentry"],"_links":{"self":[{"href":"https:\/\/agroimpact.ch\/de\/wp-json\/wp\/v2\/pages\/13640","targetHints":{"allow":["GET"]}}],"collection":[{"href":"https:\/\/agroimpact.ch\/de\/wp-json\/wp\/v2\/pages"}],"about":[{"href":"https:\/\/agroimpact.ch\/de\/wp-json\/wp\/v2\/types\/page"}],"author":[{"embeddable":true,"href":"https:\/\/agroimpact.ch\/de\/wp-json\/wp\/v2\/users\/1"}],"replies":[{"embeddable":true,"href":"https:\/\/agroimpact.ch\/de\/wp-json\/wp\/v2\/comments?post=13640"}],"version-history":[{"count":1,"href":"https:\/\/agroimpact.ch\/de\/wp-json\/wp\/v2\/pages\/13640\/revisions"}],"predecessor-version":[{"id":13641,"href":"https:\/\/agroimpact.ch\/de\/wp-json\/wp\/v2\/pages\/13640\/revisions\/13641"}],"wp:attachment":[{"href":"https:\/\/agroimpact.ch\/de\/wp-json\/wp\/v2\/media?parent=13640"}],"curies":[{"name":"wp","href":"https:\/\/api.w.org\/{rel}","templated":true}]}}