{"id":13619,"date":"2025-06-06T16:46:19","date_gmt":"2025-06-06T14:46:19","guid":{"rendered":"https:\/\/agroimpact.ch\/aktuelle-aktive-mitglieder\/"},"modified":"2026-03-03T19:35:10","modified_gmt":"2026-03-03T18:35:10","slug":"aktuelle-aktive-mitglieder","status":"publish","type":"page","link":"https:\/\/agroimpact.ch\/de\/aktuelle-aktive-mitglieder\/","title":{"rendered":"Unsere aktiven Mitglieder"},"content":{"rendered":"\t\t<div data-elementor-type=\"wp-page\" data-elementor-id=\"13619\" class=\"elementor elementor-13619 elementor-4340\" data-elementor-post-type=\"page\">\n\t\t\t\t<div class=\"elementor-element elementor-element-1498b6bc e-flex e-con-boxed e-con e-parent\" data-id=\"1498b6bc\" data-element_type=\"container\" data-settings=\"{&quot;background_background&quot;:&quot;classic&quot;}\">\n\t\t\t\t\t<div class=\"e-con-inner\">\n\t\t<div class=\"elementor-element elementor-element-2b0779da e-con-full e-flex e-con e-child\" data-id=\"2b0779da\" data-element_type=\"container\">\n\t\t\t\t<div class=\"elementor-element elementor-element-190da675 elementor-widget elementor-widget-heading\" data-id=\"190da675\" data-element_type=\"widget\" data-widget_type=\"heading.default\">\n\t\t\t\t<div class=\"elementor-widget-container\">\n\t\t\t\t\t<h2 class=\"elementor-heading-title elementor-size-default\">Die aktiven Mitglieder<\/h2>\t\t\t\t<\/div>\n\t\t\t\t<\/div>\n\t\t\t\t<div class=\"elementor-element elementor-element-4d9c0e46 elementor-widget-divider--view-line elementor-widget elementor-widget-divider\" data-id=\"4d9c0e46\" data-element_type=\"widget\" data-widget_type=\"divider.default\">\n\t\t\t\t<div class=\"elementor-widget-container\">\n\t\t\t\t\t\t\t<div class=\"elementor-divider\">\n\t\t\t<span class=\"elementor-divider-separator\">\n\t\t\t\t\t\t<\/span>\n\t\t<\/div>\n\t\t\t\t\t\t<\/div>\n\t\t\t\t<\/div>\n\t\t\t\t<\/div>\n\t\t<div class=\"elementor-element elementor-element-6ff7c795 e-con-full e-flex e-con e-child\" data-id=\"6ff7c795\" data-element_type=\"container\">\n\t\t\t\t<div class=\"elementor-element elementor-element-2268b780 elementor-widget elementor-widget-text-editor\" data-id=\"2268b780\" data-element_type=\"widget\" data-widget_type=\"text-editor.default\">\n\t\t\t\t<div class=\"elementor-widget-container\">\n\t\t\t\t\t\t\t\t\t<p>Alle Mitglieder unseres Vereins<\/p>\t\t\t\t\t\t\t\t<\/div>\n\t\t\t\t<\/div>\n\t\t\t\t<\/div>\n\t\t\t\t\t<\/div>\n\t\t\t\t<\/div>\n\t\t<div class=\"elementor-element elementor-element-2094b4e e-con-full e-flex e-con e-parent\" data-id=\"2094b4e\" data-element_type=\"container\">\n\t\t\t\t<div class=\"elementor-element elementor-element-ed7cb41 elementor-widget elementor-widget-jet-listing-grid\" data-id=\"ed7cb41\" data-element_type=\"widget\" data-settings=\"{&quot;columns&quot;:&quot;4&quot;,&quot;columns_tablet_extra&quot;:&quot;3&quot;,&quot;columns_mobile_extra&quot;:&quot;2&quot;}\" data-widget_type=\"jet-listing-grid.default\">\n\t\t\t\t<div class=\"elementor-widget-container\">\n\t\t\t\t\t<div class=\"jet-listing-grid jet-listing-grid--lazy-load jet-listing jet-listing-grid-loading\" data-lazy-load=\"{&quot;offset&quot;:&quot;0px&quot;,&quot;post_id&quot;:13619,&quot;queried_id&quot;:&quot;13619|WP_Post&quot;}\"><div class=\"jet-listing-grid__loader\"><div class=\"jet-listing-grid__loader-spinner\"><\/div><\/div><\/div>\t\t\t\t<\/div>\n\t\t\t\t<\/div>\n\t\t\t\t<\/div>\n\t\t<div class=\"elementor-element elementor-element-292d1684 e-con-full e-flex e-con e-parent\" data-id=\"292d1684\" data-element_type=\"container\">\n\t\t<div class=\"elementor-element elementor-element-4c9e9e34 e-con-full e-flex e-con e-child\" data-id=\"4c9e9e34\" data-element_type=\"container\" data-settings=\"{&quot;background_background&quot;:&quot;classic&quot;}\">\n\t\t\t\t<div class=\"elementor-element elementor-element-64b0d3c0 elementor-widget elementor-widget-text-editor\" data-id=\"64b0d3c0\" data-element_type=\"widget\" data-widget_type=\"text-editor.default\">\n\t\t\t\t<div class=\"elementor-widget-container\">\n\t\t\t\t\t\t\t\t\t<p>Sie m\u00f6chten mehr erfahren?<\/p>\t\t\t\t\t\t\t\t<\/div>\n\t\t\t\t<\/div>\n\t\t\t\t<div class=\"elementor-element elementor-element-3239ebc5 elementor-widget elementor-widget-text-editor\" data-id=\"3239ebc5\" data-element_type=\"widget\" data-widget_type=\"text-editor.default\">\n\t\t\t\t<div class=\"elementor-widget-container\">\n\t\t\t\t\t\t\t\t\t<p>Erkunden Sie weitere Inhalte, um Ihr Wissen \u00fcber unsere Projekte, unsere Ver\u00f6ffentlichungen und unser Engagement f\u00fcr eine nachhaltige Landwirtschaft zu vertiefen.<\/p>\t\t\t\t\t\t\t\t<\/div>\n\t\t\t\t<\/div>\n\t\t\t\t<div class=\"elementor-element elementor-element-24951537 elementor-align-center e-transform elementor-widget elementor-widget-button\" data-id=\"24951537\" data-element_type=\"widget\" data-settings=\"{&quot;_transform_scale_effect_hover&quot;:{&quot;unit&quot;:&quot;px&quot;,&quot;size&quot;:1.02,&quot;sizes&quot;:[]},&quot;_transform_scale_effect_hover_widescreen&quot;:{&quot;unit&quot;:&quot;px&quot;,&quot;size&quot;:&quot;&quot;,&quot;sizes&quot;:[]},&quot;_transform_scale_effect_hover_laptop&quot;:{&quot;unit&quot;:&quot;px&quot;,&quot;size&quot;:&quot;&quot;,&quot;sizes&quot;:[]},&quot;_transform_scale_effect_hover_tablet_extra&quot;:{&quot;unit&quot;:&quot;px&quot;,&quot;size&quot;:&quot;&quot;,&quot;sizes&quot;:[]},&quot;_transform_scale_effect_hover_tablet&quot;:{&quot;unit&quot;:&quot;px&quot;,&quot;size&quot;:&quot;&quot;,&quot;sizes&quot;:[]},&quot;_transform_scale_effect_hover_mobile_extra&quot;:{&quot;unit&quot;:&quot;px&quot;,&quot;size&quot;:&quot;&quot;,&quot;sizes&quot;:[]},&quot;_transform_scale_effect_hover_mobile&quot;:{&quot;unit&quot;:&quot;px&quot;,&quot;size&quot;:&quot;&quot;,&quot;sizes&quot;:[]}}\" data-widget_type=\"button.default\">\n\t\t\t\t<div class=\"elementor-widget-container\">\n\t\t\t\t\t\t\t\t\t<div class=\"elementor-button-wrapper\">\n\t\t\t\t\t<a class=\"elementor-button elementor-button-link elementor-size-sm\" href=\"https:\/\/agroimpact.ch\/de\/klimaauswirkungen-loesungen\/\">\n\t\t\t\t\t\t<span class=\"elementor-button-content-wrapper\">\n\t\t\t\t\t\t<span class=\"elementor-button-icon\">\n\t\t\t\t<svg xmlns=\"http:\/\/www.w3.org\/2000\/svg\" xmlns:xlink=\"http:\/\/www.w3.org\/1999\/xlink\" aria-hidden=\"true\" role=\"img\" class=\"iconify iconify--ph\" width=\"100%\" height=\"100%\" preserveAspectRatio=\"xMidYMid meet\" viewBox=\"0 0 256 256\"><path fill=\"currentColor\" d=\"M77.2 170.8a3.9 3.9 0 0 1 0-5.6L182.3 60H92a4 4 0 0 1 0-8h100a4 4 0 0 1 4 4v100a4 4 0 0 1-8 0V65.7L82.8 170.8a3.9 3.9 0 0 1-5.6 0ZM216 212H40a4 4 0 0 0 0 8h176a4 4 0 0 0 0-8Z\"><\/path><\/svg>\t\t\t<\/span>\n\t\t\t\t\t\t\t\t\t<span class=\"elementor-button-text\">Unsere Klimaziele<\/span>\n\t\t\t\t\t<\/span>\n\t\t\t\t\t<\/a>\n\t\t\t\t<\/div>\n\t\t\t\t\t\t\t\t<\/div>\n\t\t\t\t<\/div>\n\t\t\t\t<\/div>\n\t\t\t\t<\/div>\n\t\t\t\t<\/div>\n\t\t","protected":false},"excerpt":{"rendered":"<p>Die aktiven Mitglieder Alle Mitglieder unseres Vereins Sie m\u00f6chten mehr erfahren? Erkunden Sie weitere Inhalte, um Ihr Wissen \u00fcber unsere Projekte, unsere Ver\u00f6ffentlichungen und unser Engagement f\u00fcr eine nachhaltige Landwirtschaft zu vertiefen. Unsere Klimaziele<\/p>\n","protected":false},"author":1,"featured_media":0,"parent":0,"menu_order":0,"comment_status":"closed","ping_status":"closed","template":"","meta":{"footnotes":""},"class_list":["post-13619","page","type-page","status-publish","hentry"],"_links":{"self":[{"href":"https:\/\/agroimpact.ch\/de\/wp-json\/wp\/v2\/pages\/13619","targetHints":{"allow":["GET"]}}],"collection":[{"href":"https:\/\/agroimpact.ch\/de\/wp-json\/wp\/v2\/pages"}],"about":[{"href":"https:\/\/agroimpact.ch\/de\/wp-json\/wp\/v2\/types\/page"}],"author":[{"embeddable":true,"href":"https:\/\/agroimpact.ch\/de\/wp-json\/wp\/v2\/users\/1"}],"replies":[{"embeddable":true,"href":"https:\/\/agroimpact.ch\/de\/wp-json\/wp\/v2\/comments?post=13619"}],"version-history":[{"count":4,"href":"https:\/\/agroimpact.ch\/de\/wp-json\/wp\/v2\/pages\/13619\/revisions"}],"predecessor-version":[{"id":14426,"href":"https:\/\/agroimpact.ch\/de\/wp-json\/wp\/v2\/pages\/13619\/revisions\/14426"}],"wp:attachment":[{"href":"https:\/\/agroimpact.ch\/de\/wp-json\/wp\/v2\/media?parent=13619"}],"curies":[{"name":"wp","href":"https:\/\/api.w.org\/{rel}","templated":true}]}}