{"id":13423,"date":"2025-09-12T17:09:13","date_gmt":"2025-09-12T15:09:13","guid":{"rendered":"https:\/\/agroimpact.ch\/wie-werden-die-klimapraemien-berechnet\/"},"modified":"2026-03-04T09:18:03","modified_gmt":"2026-03-04T08:18:03","slug":"wie-werden-die-klimapraemien-berechnet","status":"publish","type":"page","link":"https:\/\/agroimpact.ch\/de\/wie-werden-die-klimapraemien-berechnet\/","title":{"rendered":"Wie werden die Klimapr\u00e4mien berechnet?"},"content":{"rendered":"\t\t<div data-elementor-type=\"wp-page\" data-elementor-id=\"13423\" class=\"elementor elementor-13423 elementor-9368\" data-elementor-post-type=\"page\">\n\t\t\t\t<div class=\"elementor-element elementor-element-26d3df9a e-flex e-con-boxed e-con e-parent\" data-id=\"26d3df9a\" data-element_type=\"container\" data-settings=\"{&quot;background_background&quot;:&quot;classic&quot;}\">\n\t\t\t\t\t<div class=\"e-con-inner\">\n\t\t<div class=\"elementor-element elementor-element-2dbf86e4 e-con-full e-flex e-con e-child\" data-id=\"2dbf86e4\" data-element_type=\"container\">\n\t\t\t\t<div class=\"elementor-element elementor-element-3df16ae0 elementor-widget elementor-widget-heading\" data-id=\"3df16ae0\" data-element_type=\"widget\" data-widget_type=\"heading.default\">\n\t\t\t\t<div class=\"elementor-widget-container\">\n\t\t\t\t\t<h2 class=\"elementor-heading-title elementor-size-default\">Wie werden die Klimapr\u00e4mien berechnet?<\/h2>\t\t\t\t<\/div>\n\t\t\t\t<\/div>\n\t\t\t\t<\/div>\n\t\t\t\t\t<\/div>\n\t\t\t\t<\/div>\n\t\t<div class=\"elementor-element elementor-element-eb59cf4 e-flex e-con-boxed e-con e-parent\" data-id=\"eb59cf4\" data-element_type=\"container\" data-settings=\"{&quot;background_background&quot;:&quot;classic&quot;}\">\n\t\t\t\t\t<div class=\"e-con-inner\">\n\t\t<div class=\"elementor-element elementor-element-6213893 e-con-full e-flex e-con e-child\" data-id=\"6213893\" data-element_type=\"container\">\n\t\t<div class=\"elementor-element elementor-element-114be69 e-con-full e-flex e-con e-child\" data-id=\"114be69\" data-element_type=\"container\">\n\t\t<div class=\"elementor-element elementor-element-f79352e e-flex e-con-boxed e-con e-child\" data-id=\"f79352e\" data-element_type=\"container\">\n\t\t\t\t\t<div class=\"e-con-inner\">\n\t\t\t\t<div class=\"elementor-element elementor-element-c4c74a6 e-transform elementor-invisible elementor-widget elementor-widget-heading\" data-id=\"c4c74a6\" data-element_type=\"widget\" data-settings=\"{&quot;_animation&quot;:&quot;fadeInUp&quot;,&quot;_animation_mobile&quot;:&quot;none&quot;,&quot;_transform_scale_effect_hover&quot;:{&quot;unit&quot;:&quot;px&quot;,&quot;size&quot;:&quot;&quot;,&quot;sizes&quot;:[]},&quot;_transform_scale_effect_hover_widescreen&quot;:{&quot;unit&quot;:&quot;px&quot;,&quot;size&quot;:&quot;&quot;,&quot;sizes&quot;:[]},&quot;_transform_scale_effect_hover_laptop&quot;:{&quot;unit&quot;:&quot;px&quot;,&quot;size&quot;:&quot;&quot;,&quot;sizes&quot;:[]},&quot;_transform_scale_effect_hover_tablet_extra&quot;:{&quot;unit&quot;:&quot;px&quot;,&quot;size&quot;:&quot;&quot;,&quot;sizes&quot;:[]},&quot;_transform_scale_effect_hover_tablet&quot;:{&quot;unit&quot;:&quot;px&quot;,&quot;size&quot;:&quot;&quot;,&quot;sizes&quot;:[]},&quot;_transform_scale_effect_hover_mobile_extra&quot;:{&quot;unit&quot;:&quot;px&quot;,&quot;size&quot;:&quot;&quot;,&quot;sizes&quot;:[]},&quot;_transform_scale_effect_hover_mobile&quot;:{&quot;unit&quot;:&quot;px&quot;,&quot;size&quot;:&quot;&quot;,&quot;sizes&quot;:[]}}\" data-widget_type=\"heading.default\">\n\t\t\t\t<div class=\"elementor-widget-container\">\n\t\t\t\t\t<h2 class=\"elementor-heading-title elementor-size-default\">Grundprinzip f\u00fbr die Berechnung der Klimapr\u00e4mien<\/h2>\t\t\t\t<\/div>\n\t\t\t\t<\/div>\n\t\t<div class=\"elementor-element elementor-element-a44637e e-flex e-con-boxed e-con e-child\" data-id=\"a44637e\" data-element_type=\"container\">\n\t\t\t\t\t<div class=\"e-con-inner\">\n\t\t\t\t<div class=\"elementor-element elementor-element-240a196 elementor-widget elementor-widget-text-editor\" data-id=\"240a196\" data-element_type=\"widget\" data-widget_type=\"text-editor.default\">\n\t\t\t\t<div class=\"elementor-widget-container\">\n\t\t\t\t\t\t\t\t\t<p>Klima-pr\u00e4mie<\/p>\t\t\t\t\t\t\t\t<\/div>\n\t\t\t\t<\/div>\n\t\t\t\t<div class=\"elementor-element elementor-element-9240493 elementor-widget elementor-widget-text-editor\" data-id=\"9240493\" data-element_type=\"widget\" data-widget_type=\"text-editor.default\">\n\t\t\t\t<div class=\"elementor-widget-container\">\n\t\t\t\t\t\t\t\t\t<p>=<\/p>\t\t\t\t\t\t\t\t<\/div>\n\t\t\t\t<\/div>\n\t\t\t\t<div class=\"elementor-element elementor-element-989820a elementor-widget elementor-widget-text-editor\" data-id=\"989820a\" data-element_type=\"widget\" data-widget_type=\"text-editor.default\">\n\t\t\t\t<div class=\"elementor-widget-container\">\n\t\t\t\t\t\t\t\t\t<p>Mindest<br>-garantie<br>-pr\u00e4mie<\/p>\t\t\t\t\t\t\t\t<\/div>\n\t\t\t\t<\/div>\n\t\t\t\t<div class=\"elementor-element elementor-element-47b2053 elementor-widget elementor-widget-text-editor\" data-id=\"47b2053\" data-element_type=\"widget\" data-widget_type=\"text-editor.default\">\n\t\t\t\t<div class=\"elementor-widget-container\">\n\t\t\t\t\t\t\t\t\t<p>+<\/p>\t\t\t\t\t\t\t\t<\/div>\n\t\t\t\t<\/div>\n\t\t\t\t<div class=\"elementor-element elementor-element-d58423d elementor-widget elementor-widget-text-editor\" data-id=\"d58423d\" data-element_type=\"widget\" data-widget_type=\"text-editor.default\">\n\t\t\t\t<div class=\"elementor-widget-container\">\n\t\t\t\t\t\t\t\t\t<p>Wirkungs<br>pr\u00e4mie<\/p>\t\t\t\t\t\t\t\t<\/div>\n\t\t\t\t<\/div>\n\t\t\t\t\t<\/div>\n\t\t\t\t<\/div>\n\t\t\t\t\t<\/div>\n\t\t\t\t<\/div>\n\t\t\t\t<\/div>\n\t\t<div class=\"elementor-element elementor-element-a8a26e0 elementor-hidden-mobile_extra elementor-hidden-mobile e-flex e-con-boxed e-con e-child\" data-id=\"a8a26e0\" data-element_type=\"container\">\n\t\t\t\t\t<div class=\"e-con-inner\">\n\t\t\t\t<div class=\"elementor-element elementor-element-b92e08a elementor-widget elementor-widget-image\" data-id=\"b92e08a\" data-element_type=\"widget\" data-widget_type=\"image.default\">\n\t\t\t\t<div class=\"elementor-widget-container\">\n\t\t\t\t\t\t\t\t\t\t\t\t\t\t\t<img fetchpriority=\"high\" decoding=\"async\" width=\"1536\" height=\"866\" src=\"https:\/\/agroimpact.ch\/wp-content\/uploads\/2026\/03\/DE-250925-Plattform-cp-2-1536x866.jpg\" class=\"attachment-1536x1536 size-1536x1536 wp-image-13422\" alt=\"\" srcset=\"https:\/\/agroimpact.ch\/wp-content\/uploads\/2026\/03\/DE-250925-Plattform-cp-2-1536x866.jpg 1536w, https:\/\/agroimpact.ch\/wp-content\/uploads\/2026\/03\/DE-250925-Plattform-cp-2-300x169.jpg 300w, https:\/\/agroimpact.ch\/wp-content\/uploads\/2026\/03\/DE-250925-Plattform-cp-2-1024x577.jpg 1024w, https:\/\/agroimpact.ch\/wp-content\/uploads\/2026\/03\/DE-250925-Plattform-cp-2-768x433.jpg 768w, https:\/\/agroimpact.ch\/wp-content\/uploads\/2026\/03\/DE-250925-Plattform-cp-2-2048x1155.jpg 2048w\" sizes=\"(max-width: 1536px) 100vw, 1536px\" \/>\t\t\t\t\t\t\t\t\t\t\t\t\t\t\t<\/div>\n\t\t\t\t<\/div>\n\t\t\t\t\t<\/div>\n\t\t\t\t<\/div>\n\t\t\t\t<\/div>\n\t\t\t\t\t<\/div>\n\t\t\t\t<\/div>\n\t\t<div class=\"elementor-element elementor-element-1ab2255 e-flex e-con-boxed e-con e-parent\" data-id=\"1ab2255\" data-element_type=\"container\" data-settings=\"{&quot;background_background&quot;:&quot;classic&quot;}\">\n\t\t\t\t\t<div class=\"e-con-inner\">\n\t\t<div class=\"elementor-element elementor-element-13ae0bc e-con-full e-flex e-con e-child\" data-id=\"13ae0bc\" data-element_type=\"container\" data-settings=\"{&quot;background_background&quot;:&quot;classic&quot;,&quot;animation_mobile&quot;:&quot;slideInLeft&quot;}\">\n\t\t\t\t<div class=\"elementor-element elementor-element-2755c17 elementor-view-stacked elementor-position-inline-start elementor-mobile-position-inline-start elementor-shape-circle elementor-widget elementor-widget-icon-box\" data-id=\"2755c17\" data-element_type=\"widget\" data-widget_type=\"icon-box.default\">\n\t\t\t\t<div class=\"elementor-widget-container\">\n\t\t\t\t\t\t\t<div class=\"elementor-icon-box-wrapper\">\n\n\t\t\t\t\t\t<div class=\"elementor-icon-box-icon\">\n\t\t\t\t<span  class=\"elementor-icon\">\n\t\t\t\t<svg xmlns=\"http:\/\/www.w3.org\/2000\/svg\" xmlns:xlink=\"http:\/\/www.w3.org\/1999\/xlink\" aria-hidden=\"true\" role=\"img\" class=\"iconify iconify--ph\" width=\"100%\" height=\"100%\" preserveAspectRatio=\"xMidYMid meet\" viewBox=\"0 0 256 256\"><path fill=\"currentColor\" d=\"M104 190a5.8 5.8 0 0 1-4.2-1.8l-56-56a5.9 5.9 0 0 1 8.4-8.4l51.8 51.7L211.8 67.8a5.9 5.9 0 0 1 8.4 8.4l-112 112a5.8 5.8 0 0 1-4.2 1.8Z\"><\/path><\/svg>\t\t\t\t<\/span>\n\t\t\t<\/div>\n\t\t\t\n\t\t\t\t\t\t<div class=\"elementor-icon-box-content\">\n\n\t\t\t\t\t\t\t\t\t<h4 class=\"elementor-icon-box-title\">\n\t\t\t\t\t\t<span  >\n\t\t\t\t\t\t\tMindest-garantie-pr\u00e4mie\t\t\t\t\t\t<\/span>\n\t\t\t\t\t<\/h4>\n\t\t\t\t\n\t\t\t\t\n\t\t\t<\/div>\n\t\t\t\n\t\t<\/div>\n\t\t\t\t\t\t<\/div>\n\t\t\t\t<\/div>\n\t\t\t\t<div class=\"elementor-element elementor-element-052712d elementor-widget elementor-widget-text-editor\" data-id=\"052712d\" data-element_type=\"widget\" data-widget_type=\"text-editor.default\">\n\t\t\t\t<div class=\"elementor-widget-container\">\n\t\t\t\t\t\t\t\t\t<p>Alle Betriebe erhalten eine Pauschalpr\u00e4mie pro landwirtschaftliche Produkteinheit. Diese garantierten Mindestpr\u00e4mien werden nicht nur bei Teilnahme an der Initiative gezahlt, sondern auch Betrieben, die bereits zahlreiche Massnahmen umsetzen und somit nicht benachteiligt werden.. <\/p>\t\t\t\t\t\t\t\t<\/div>\n\t\t\t\t<\/div>\n\t\t\t\t<\/div>\n\t\t<div class=\"elementor-element elementor-element-f18628c e-con-full e-flex e-con e-child\" data-id=\"f18628c\" data-element_type=\"container\" data-settings=\"{&quot;background_background&quot;:&quot;classic&quot;,&quot;animation_mobile&quot;:&quot;slideInRight&quot;}\">\n\t\t\t\t<div class=\"elementor-element elementor-element-77916a7 elementor-view-stacked elementor-position-inline-start elementor-mobile-position-inline-start elementor-shape-circle elementor-widget elementor-widget-icon-box\" data-id=\"77916a7\" data-element_type=\"widget\" data-widget_type=\"icon-box.default\">\n\t\t\t\t<div class=\"elementor-widget-container\">\n\t\t\t\t\t\t\t<div class=\"elementor-icon-box-wrapper\">\n\n\t\t\t\t\t\t<div class=\"elementor-icon-box-icon\">\n\t\t\t\t<span  class=\"elementor-icon\">\n\t\t\t\t<svg xmlns=\"http:\/\/www.w3.org\/2000\/svg\" xmlns:xlink=\"http:\/\/www.w3.org\/1999\/xlink\" aria-hidden=\"true\" role=\"img\" class=\"iconify iconify--ph\" width=\"100%\" height=\"100%\" preserveAspectRatio=\"xMidYMid meet\" viewBox=\"0 0 256 256\"><path fill=\"currentColor\" d=\"M228 204h-12V40a4 4 0 0 0-4-4h-56a4 4 0 0 0-4 4v44h-52a4 4 0 0 0-4 4v44H44a4 4 0 0 0-4 4v68H28a4 4 0 0 0 0 8h200a4 4 0 0 0 0-8ZM104 92h48v112h-48Zm-56 48h48v64H48Zm112 64V44h48v160Z\"><\/path><\/svg>\t\t\t\t<\/span>\n\t\t\t<\/div>\n\t\t\t\n\t\t\t\t\t\t<div class=\"elementor-icon-box-content\">\n\n\t\t\t\t\t\t\t\t\t<h4 class=\"elementor-icon-box-title\">\n\t\t\t\t\t\t<span  >\n\t\t\t\t\t\t\tWirkungspr\u00e4mie\t\t\t\t\t\t<\/span>\n\t\t\t\t\t<\/h4>\n\t\t\t\t\n\t\t\t\t\n\t\t\t<\/div>\n\t\t\t\n\t\t<\/div>\n\t\t\t\t\t\t<\/div>\n\t\t\t\t<\/div>\n\t\t\t\t<div class=\"elementor-element elementor-element-a681e31 elementor-widget elementor-widget-text-editor\" data-id=\"a681e31\" data-element_type=\"widget\" data-widget_type=\"text-editor.default\">\n\t\t\t\t<div class=\"elementor-widget-container\">\n\t\t\t\t\t\t\t\t\t<p>Dies ist der variable Teil der Pr\u00e4mie, der von der Reduzierung der Kohlenstoffbilanz abh\u00e4ngt (Erh\u00f6hung der Kohlenstoffspeicherung und Reduzierung der Emissionen).<\/p>\t\t\t\t\t\t\t\t<\/div>\n\t\t\t\t<\/div>\n\t\t\t\t<\/div>\n\t\t\t\t\t<\/div>\n\t\t\t\t<\/div>\n\t\t<div class=\"elementor-element elementor-element-41985ec e-flex e-con-boxed e-con e-parent\" data-id=\"41985ec\" data-element_type=\"container\">\n\t\t\t\t\t<div class=\"e-con-inner\">\n\t\t\t\t<div class=\"elementor-element elementor-element-b65a418 elementor-widget elementor-widget-text-editor\" data-id=\"b65a418\" data-element_type=\"widget\" data-widget_type=\"text-editor.default\">\n\t\t\t\t<div class=\"elementor-widget-container\">\n\t\t\t\t\t\t\t\t\t<p>Unterst\u00fctzungsoptionen f\u00fcr die Diagnosekosten <\/p>\t\t\t\t\t\t\t\t<\/div>\n\t\t\t\t<\/div>\n\t\t\t\t\t<\/div>\n\t\t\t\t<\/div>\n\t\t<div class=\"elementor-element elementor-element-9a391dc e-flex e-con-boxed e-con e-parent\" data-id=\"9a391dc\" data-element_type=\"container\">\n\t\t\t\t\t<div class=\"e-con-inner\">\n\t\t<div class=\"elementor-element elementor-element-10761ad e-con-full e-flex e-con e-child\" data-id=\"10761ad\" data-element_type=\"container\" data-settings=\"{&quot;background_background&quot;:&quot;classic&quot;}\">\n\t\t\t\t<div class=\"elementor-element elementor-element-55e7749 elementor-widget elementor-widget-text-editor\" data-id=\"55e7749\" data-element_type=\"widget\" data-widget_type=\"text-editor.default\">\n\t\t\t\t<div class=\"elementor-widget-container\">\n\t\t\t\t\t\t\t\t\tZus\u00e4tzlich zu den Klimapr\u00e4mien, k\u00f6nnen die Betriebe f\u00fcr die Kohlenstoffdiagnose Unterst\u00fctzung erhalten.<br><br>Im Rahmen ihrer Klimapolitik unterst\u00fctzen einige Kantone die Diagnoseverfahren. Diese Unterst\u00fctzungen variieren und existieren in den Kantonen: Freiburg, Genf, Jura, Neuenburg und Waadt. \t\t\t\t\t\t\t\t<\/div>\n\t\t\t\t<\/div>\n\t\t\t\t<\/div>\n\t\t<div class=\"elementor-element elementor-element-8804f27 e-con-full e-flex e-con e-child\" data-id=\"8804f27\" data-element_type=\"container\" data-settings=\"{&quot;background_background&quot;:&quot;classic&quot;}\">\n\t\t\t\t<div class=\"elementor-element elementor-element-78f54e8 elementor-view-stacked elementor-position-inline-start elementor-shape-circle elementor-mobile-position-block-start elementor-widget elementor-widget-icon-box\" data-id=\"78f54e8\" data-element_type=\"widget\" data-widget_type=\"icon-box.default\">\n\t\t\t\t<div class=\"elementor-widget-container\">\n\t\t\t\t\t\t\t<div class=\"elementor-icon-box-wrapper\">\n\n\t\t\t\t\t\t<div class=\"elementor-icon-box-icon\">\n\t\t\t\t<a href=\"https:\/\/agroimpact.ch\/?page_id=126\" class=\"elementor-icon\" tabindex=\"-1\" aria-label=\"Bei Fragen wenden Sie sich bitte an Ihren kantonalen Berater.\">\n\t\t\t\t<svg xmlns=\"http:\/\/www.w3.org\/2000\/svg\" xmlns:xlink=\"http:\/\/www.w3.org\/1999\/xlink\" aria-hidden=\"true\" role=\"img\" class=\"iconify iconify--ph\" width=\"100%\" height=\"100%\" preserveAspectRatio=\"xMidYMid meet\" viewBox=\"0 0 256 256\"><path fill=\"currentColor\" d=\"M155.6 39a4 4 0 0 1 4.9-2.9a84.4 84.4 0 0 1 59.4 59.4a4 4 0 0 1-2.9 4.9l-1 .2a4.1 4.1 0 0 1-3.9-3a76.2 76.2 0 0 0-53.7-53.7a3.9 3.9 0 0 1-2.8-4.9Zm-5.5 35.8a44 44 0 0 1 31.1 31.1a4.1 4.1 0 0 0 3.9 3l1-.2a3.9 3.9 0 0 0 2.8-4.9a51.6 51.6 0 0 0-36.7-36.7a3.9 3.9 0 0 0-4.9 2.8a4 4 0 0 0 2.8 4.9Zm77.5 99.8A52.1 52.1 0 0 1 176 220C98.8 220 36 157.2 36 80a52.1 52.1 0 0 1 45.4-51.6a12.1 12.1 0 0 1 12.5 7.2L114 82.5a12 12 0 0 1-1 11.3l-16.6 25.4a3.9 3.9 0 0 0-.3 3.9a79.9 79.9 0 0 0 37.2 37a3.7 3.7 0 0 0 3.8-.3l25.1-16.7a11.9 11.9 0 0 1 11.4-1.1l46.8 20.1a12.1 12.1 0 0 1 7.2 12.5Zm-10.4-5.1l-46.8-20.1a4 4 0 0 0-3.8.3l-25 16.7a11.9 11.9 0 0 1-11.8.9a88.6 88.6 0 0 1-40.9-40.7a12.1 12.1 0 0 1 .8-11.8l16.6-25.4a3.9 3.9 0 0 0 .3-3.8L86.5 38.8a3.9 3.9 0 0 0-3.6-2.5h-.5A44.1 44.1 0 0 0 44 80a132.1 132.1 0 0 0 132 132a44.1 44.1 0 0 0 43.7-38.4a4 4 0 0 0-2.5-4.1Z\"><\/path><\/svg>\t\t\t\t<\/a>\n\t\t\t<\/div>\n\t\t\t\n\t\t\t\t\t\t<div class=\"elementor-icon-box-content\">\n\n\t\t\t\t\t\t\t\t\t<h4 class=\"elementor-icon-box-title\">\n\t\t\t\t\t\t<a href=\"https:\/\/agroimpact.ch\/?page_id=126\" >\n\t\t\t\t\t\t\tBei Fragen wenden Sie sich bitte an Ihren kantonalen Berater.\t\t\t\t\t\t<\/a>\n\t\t\t\t\t<\/h4>\n\t\t\t\t\n\t\t\t\t\n\t\t\t<\/div>\n\t\t\t\n\t\t<\/div>\n\t\t\t\t\t\t<\/div>\n\t\t\t\t<\/div>\n\t\t\t\t<\/div>\n\t\t\t\t\t<\/div>\n\t\t\t\t<\/div>\n\t\t<div class=\"elementor-element elementor-element-e31538c e-con-full e-flex e-con e-parent\" data-id=\"e31538c\" data-element_type=\"container\" data-settings=\"{&quot;background_background&quot;:&quot;classic&quot;}\">\n\t\t<div class=\"elementor-element elementor-element-5f0fa9cc e-con-full e-flex e-con e-child\" data-id=\"5f0fa9cc\" data-element_type=\"container\" data-settings=\"{&quot;background_background&quot;:&quot;classic&quot;}\">\n\t\t\t\t<div class=\"elementor-element elementor-element-117ff8b5 elementor-widget elementor-widget-text-editor\" data-id=\"117ff8b5\" data-element_type=\"widget\" data-widget_type=\"text-editor.default\">\n\t\t\t\t<div class=\"elementor-widget-container\">\n\t\t\t\t\t\t\t\t\t<p>M\u00f6chten Sie mehr \u00fcber unsere Methoden erfahren?<\/p>\t\t\t\t\t\t\t\t<\/div>\n\t\t\t\t<\/div>\n\t\t\t\t<div class=\"elementor-element elementor-element-48317d7f elementor-widget elementor-widget-text-editor\" data-id=\"48317d7f\" data-element_type=\"widget\" data-widget_type=\"text-editor.default\">\n\t\t\t\t<div class=\"elementor-widget-container\">\n\t\t\t\t\t\t\t\t\t<p>Entdecken Sie all unsere Merkbl\u00e4tter zur Methodik<\/p>\t\t\t\t\t\t\t\t<\/div>\n\t\t\t\t<\/div>\n\t\t\t\t<div class=\"elementor-element elementor-element-3ea65e92 elementor-align-center e-transform elementor-widget elementor-widget-button\" data-id=\"3ea65e92\" data-element_type=\"widget\" data-settings=\"{&quot;_transform_scale_effect_hover&quot;:{&quot;unit&quot;:&quot;px&quot;,&quot;size&quot;:1.02,&quot;sizes&quot;:[]},&quot;_transform_scale_effect_hover_widescreen&quot;:{&quot;unit&quot;:&quot;px&quot;,&quot;size&quot;:&quot;&quot;,&quot;sizes&quot;:[]},&quot;_transform_scale_effect_hover_laptop&quot;:{&quot;unit&quot;:&quot;px&quot;,&quot;size&quot;:&quot;&quot;,&quot;sizes&quot;:[]},&quot;_transform_scale_effect_hover_tablet_extra&quot;:{&quot;unit&quot;:&quot;px&quot;,&quot;size&quot;:&quot;&quot;,&quot;sizes&quot;:[]},&quot;_transform_scale_effect_hover_tablet&quot;:{&quot;unit&quot;:&quot;px&quot;,&quot;size&quot;:&quot;&quot;,&quot;sizes&quot;:[]},&quot;_transform_scale_effect_hover_mobile_extra&quot;:{&quot;unit&quot;:&quot;px&quot;,&quot;size&quot;:&quot;&quot;,&quot;sizes&quot;:[]},&quot;_transform_scale_effect_hover_mobile&quot;:{&quot;unit&quot;:&quot;px&quot;,&quot;size&quot;:&quot;&quot;,&quot;sizes&quot;:[]}}\" data-widget_type=\"button.default\">\n\t\t\t\t<div class=\"elementor-widget-container\">\n\t\t\t\t\t\t\t\t\t<div class=\"elementor-button-wrapper\">\n\t\t\t\t\t<a class=\"elementor-button elementor-button-link elementor-size-sm\" href=\"https:\/\/agroimpact.ch\/de\/methodische-und-paedagogische-merkblaetter\/\">\n\t\t\t\t\t\t<span class=\"elementor-button-content-wrapper\">\n\t\t\t\t\t\t<span class=\"elementor-button-icon\">\n\t\t\t\t<svg xmlns=\"http:\/\/www.w3.org\/2000\/svg\" xmlns:xlink=\"http:\/\/www.w3.org\/1999\/xlink\" aria-hidden=\"true\" role=\"img\" class=\"iconify iconify--ph\" width=\"100%\" height=\"100%\" preserveAspectRatio=\"xMidYMid meet\" viewBox=\"0 0 256 256\"><path fill=\"currentColor\" d=\"M77.2 170.8a3.9 3.9 0 0 1 0-5.6L182.3 60H92a4 4 0 0 1 0-8h100a4 4 0 0 1 4 4v100a4 4 0 0 1-8 0V65.7L82.8 170.8a3.9 3.9 0 0 1-5.6 0ZM216 212H40a4 4 0 0 0 0 8h176a4 4 0 0 0 0-8Z\"><\/path><\/svg>\t\t\t<\/span>\n\t\t\t\t\t\t\t\t\t<span class=\"elementor-button-text\">Zu den Merkbl\u00e4ttern<\/span>\n\t\t\t\t\t<\/span>\n\t\t\t\t\t<\/a>\n\t\t\t\t<\/div>\n\t\t\t\t\t\t\t\t<\/div>\n\t\t\t\t<\/div>\n\t\t\t\t<\/div>\n\t\t\t\t<\/div>\n\t\t\t\t<\/div>\n\t\t","protected":false},"excerpt":{"rendered":"<p>Wie werden die Klimapr\u00e4mien berechnet? Grundprinzip f\u00fbr die Berechnung der Klimapr\u00e4mien Klima-pr\u00e4mie = Mindest-garantie-pr\u00e4mie + Wirkungspr\u00e4mie Mindest-garantie-pr\u00e4mie Alle Betriebe erhalten eine Pauschalpr\u00e4mie pro landwirtschaftliche Produkteinheit. Diese garantierten Mindestpr\u00e4mien werden nicht nur bei Teilnahme an der Initiative gezahlt, sondern auch Betrieben, die bereits zahlreiche Massnahmen umsetzen und somit nicht benachteiligt werden.. Wirkungspr\u00e4mie Dies ist der variable [&hellip;]<\/p>\n","protected":false},"author":1,"featured_media":0,"parent":0,"menu_order":0,"comment_status":"closed","ping_status":"closed","template":"","meta":{"footnotes":""},"class_list":["post-13423","page","type-page","status-publish","hentry"],"_links":{"self":[{"href":"https:\/\/agroimpact.ch\/de\/wp-json\/wp\/v2\/pages\/13423","targetHints":{"allow":["GET"]}}],"collection":[{"href":"https:\/\/agroimpact.ch\/de\/wp-json\/wp\/v2\/pages"}],"about":[{"href":"https:\/\/agroimpact.ch\/de\/wp-json\/wp\/v2\/types\/page"}],"author":[{"embeddable":true,"href":"https:\/\/agroimpact.ch\/de\/wp-json\/wp\/v2\/users\/1"}],"replies":[{"embeddable":true,"href":"https:\/\/agroimpact.ch\/de\/wp-json\/wp\/v2\/comments?post=13423"}],"version-history":[{"count":9,"href":"https:\/\/agroimpact.ch\/de\/wp-json\/wp\/v2\/pages\/13423\/revisions"}],"predecessor-version":[{"id":14440,"href":"https:\/\/agroimpact.ch\/de\/wp-json\/wp\/v2\/pages\/13423\/revisions\/14440"}],"wp:attachment":[{"href":"https:\/\/agroimpact.ch\/de\/wp-json\/wp\/v2\/media?parent=13423"}],"curies":[{"name":"wp","href":"https:\/\/api.w.org\/{rel}","templated":true}]}}