{"id":13134,"date":"2025-09-24T18:03:13","date_gmt":"2025-09-24T16:03:13","guid":{"rendered":"https:\/\/agroimpact.ch\/kantonale-umsetzung\/"},"modified":"2026-03-04T12:22:35","modified_gmt":"2026-03-04T11:22:35","slug":"kantonale-umsetzung","status":"publish","type":"page","link":"https:\/\/agroimpact.ch\/de\/kantonale-umsetzung\/","title":{"rendered":"Kantonale Umsetzung"},"content":{"rendered":"\t\t<div data-elementor-type=\"wp-page\" data-elementor-id=\"13134\" class=\"elementor elementor-13134 elementor-10037\" data-elementor-post-type=\"page\">\n\t\t\t\t<div class=\"elementor-element elementor-element-3f8123a6 e-flex e-con-boxed e-con e-parent\" data-id=\"3f8123a6\" data-element_type=\"container\" data-settings=\"{&quot;background_background&quot;:&quot;classic&quot;}\">\n\t\t\t\t\t<div class=\"e-con-inner\">\n\t\t<div class=\"elementor-element elementor-element-6ed95a37 e-con-full e-flex e-con e-child\" data-id=\"6ed95a37\" data-element_type=\"container\">\n\t\t\t\t<div class=\"elementor-element elementor-element-b4d4b3e elementor-widget elementor-widget-heading\" data-id=\"b4d4b3e\" data-element_type=\"widget\" data-widget_type=\"heading.default\">\n\t\t\t\t<div class=\"elementor-widget-container\">\n\t\t\t\t\t<h2 class=\"elementor-heading-title elementor-size-default\">Kantonale Umsetzung<\/h2>\t\t\t\t<\/div>\n\t\t\t\t<\/div>\n\t\t\t\t<div class=\"elementor-element elementor-element-75181a05 elementor-widget-divider--view-line elementor-widget elementor-widget-divider\" data-id=\"75181a05\" data-element_type=\"widget\" data-widget_type=\"divider.default\">\n\t\t\t\t<div class=\"elementor-widget-container\">\n\t\t\t\t\t\t\t<div class=\"elementor-divider\">\n\t\t\t<span class=\"elementor-divider-separator\">\n\t\t\t\t\t\t<\/span>\n\t\t<\/div>\n\t\t\t\t\t\t<\/div>\n\t\t\t\t<\/div>\n\t\t\t\t<\/div>\n\t\t<div class=\"elementor-element elementor-element-1ce76925 e-con-full e-flex e-con e-child\" data-id=\"1ce76925\" data-element_type=\"container\">\n\t\t\t\t<div class=\"elementor-element elementor-element-1ba3ab5f elementor-widget elementor-widget-text-editor\" data-id=\"1ba3ab5f\" data-element_type=\"widget\" data-widget_type=\"text-editor.default\">\n\t\t\t\t<div class=\"elementor-widget-container\">\n\t\t\t\t\t\t\t\t\t<p>Entwicklung in der Region<\/p>\t\t\t\t\t\t\t\t<\/div>\n\t\t\t\t<\/div>\n\t\t\t\t<\/div>\n\t\t\t\t\t<\/div>\n\t\t\t\t<\/div>\n\t\t<div class=\"elementor-element elementor-element-7772fe0 e-flex e-con-boxed e-con e-parent\" data-id=\"7772fe0\" data-element_type=\"container\">\n\t\t\t\t\t<div class=\"e-con-inner\">\n\t\t\t\t<div class=\"elementor-element elementor-element-4ef63c7 elementor-widget elementor-widget-image\" data-id=\"4ef63c7\" data-element_type=\"widget\" data-widget_type=\"image.default\">\n\t\t\t\t<div class=\"elementor-widget-container\">\n\t\t\t\t\t\t\t\t\t\t\t\t\t\t\t<img fetchpriority=\"high\" decoding=\"async\" width=\"2048\" height=\"1155\" src=\"https:\/\/agroimpact.ch\/wp-content\/uploads\/2025\/09\/220925-Mise-en-oeuvre-cantonale-2048x1155.png\" class=\"attachment-2048x2048 size-2048x2048 wp-image-13133\" alt=\"\" srcset=\"https:\/\/agroimpact.ch\/wp-content\/uploads\/2025\/09\/220925-Mise-en-oeuvre-cantonale-2048x1155.png 2048w, https:\/\/agroimpact.ch\/wp-content\/uploads\/2025\/09\/220925-Mise-en-oeuvre-cantonale-300x169.png 300w, https:\/\/agroimpact.ch\/wp-content\/uploads\/2025\/09\/220925-Mise-en-oeuvre-cantonale-1024x577.png 1024w, https:\/\/agroimpact.ch\/wp-content\/uploads\/2025\/09\/220925-Mise-en-oeuvre-cantonale-768x433.png 768w, https:\/\/agroimpact.ch\/wp-content\/uploads\/2025\/09\/220925-Mise-en-oeuvre-cantonale-1536x866.png 1536w\" sizes=\"(max-width: 2048px) 100vw, 2048px\" \/>\t\t\t\t\t\t\t\t\t\t\t\t\t\t\t<\/div>\n\t\t\t\t<\/div>\n\t\t\t\t\t<\/div>\n\t\t\t\t<\/div>\n\t\t<div class=\"elementor-element elementor-element-2dc8b60a e-con-full e-flex e-con e-parent\" data-id=\"2dc8b60a\" data-element_type=\"container\" data-settings=\"{&quot;background_background&quot;:&quot;classic&quot;}\">\n\t\t<div class=\"elementor-element elementor-element-104e935f e-con-full e-flex e-con e-child\" data-id=\"104e935f\" data-element_type=\"container\" data-settings=\"{&quot;background_background&quot;:&quot;classic&quot;}\">\n\t\t\t\t<div class=\"elementor-element elementor-element-784623ee elementor-widget elementor-widget-text-editor\" data-id=\"784623ee\" data-element_type=\"widget\" data-widget_type=\"text-editor.default\">\n\t\t\t\t<div class=\"elementor-widget-container\">\n\t\t\t\t\t\t\t\t\t<p>M\u00f6chten Sie sich f\u00fcr das ClimaCert-Verfahren anmelden?<\/p>\t\t\t\t\t\t\t\t<\/div>\n\t\t\t\t<\/div>\n\t\t\t\t<div class=\"elementor-element elementor-element-322bae1 elementor-widget elementor-widget-text-editor\" data-id=\"322bae1\" data-element_type=\"widget\" data-widget_type=\"text-editor.default\">\n\t\t\t\t<div class=\"elementor-widget-container\">\n\t\t\t\t\t\t\t\t\t<p>Sind Sie Landwirtin oder Landwirt und m\u00f6chten sich f\u00fcr die Klimawende engagieren? Hier k\u00f6nnen Sie sich \u00fcber die Anmeldebedingungen und die einzelnen Schritte der ClimaCert-Initiative informieren.<\/p>\t\t\t\t\t\t\t\t<\/div>\n\t\t\t\t<\/div>\n\t\t\t\t<div class=\"elementor-element elementor-element-6b5e412e elementor-align-center e-transform elementor-widget elementor-widget-button\" data-id=\"6b5e412e\" data-element_type=\"widget\" data-settings=\"{&quot;_transform_scale_effect_hover&quot;:{&quot;unit&quot;:&quot;px&quot;,&quot;size&quot;:1.02,&quot;sizes&quot;:[]},&quot;_transform_scale_effect_hover_widescreen&quot;:{&quot;unit&quot;:&quot;px&quot;,&quot;size&quot;:&quot;&quot;,&quot;sizes&quot;:[]},&quot;_transform_scale_effect_hover_laptop&quot;:{&quot;unit&quot;:&quot;px&quot;,&quot;size&quot;:&quot;&quot;,&quot;sizes&quot;:[]},&quot;_transform_scale_effect_hover_tablet_extra&quot;:{&quot;unit&quot;:&quot;px&quot;,&quot;size&quot;:&quot;&quot;,&quot;sizes&quot;:[]},&quot;_transform_scale_effect_hover_tablet&quot;:{&quot;unit&quot;:&quot;px&quot;,&quot;size&quot;:&quot;&quot;,&quot;sizes&quot;:[]},&quot;_transform_scale_effect_hover_mobile_extra&quot;:{&quot;unit&quot;:&quot;px&quot;,&quot;size&quot;:&quot;&quot;,&quot;sizes&quot;:[]},&quot;_transform_scale_effect_hover_mobile&quot;:{&quot;unit&quot;:&quot;px&quot;,&quot;size&quot;:&quot;&quot;,&quot;sizes&quot;:[]}}\" data-widget_type=\"button.default\">\n\t\t\t\t<div class=\"elementor-widget-container\">\n\t\t\t\t\t\t\t\t\t<div class=\"elementor-button-wrapper\">\n\t\t\t\t\t<a class=\"elementor-button elementor-button-link elementor-size-sm\" href=\"https:\/\/agroimpact.ch\/de\/wie-es-funktioniert\/\">\n\t\t\t\t\t\t<span class=\"elementor-button-content-wrapper\">\n\t\t\t\t\t\t<span class=\"elementor-button-icon\">\n\t\t\t\t<svg xmlns=\"http:\/\/www.w3.org\/2000\/svg\" xmlns:xlink=\"http:\/\/www.w3.org\/1999\/xlink\" aria-hidden=\"true\" role=\"img\" class=\"iconify iconify--ph\" width=\"100%\" height=\"100%\" preserveAspectRatio=\"xMidYMid meet\" viewBox=\"0 0 256 256\"><path fill=\"currentColor\" d=\"M77.2 170.8a3.9 3.9 0 0 1 0-5.6L182.3 60H92a4 4 0 0 1 0-8h100a4 4 0 0 1 4 4v100a4 4 0 0 1-8 0V65.7L82.8 170.8a3.9 3.9 0 0 1-5.6 0ZM216 212H40a4 4 0 0 0 0 8h176a4 4 0 0 0 0-8Z\"><\/path><\/svg>\t\t\t<\/span>\n\t\t\t\t\t\t\t\t\t<span class=\"elementor-button-text\">Alles, was Sie \u00fcber ClimaCert wissen m\u00fcssen<\/span>\n\t\t\t\t\t<\/span>\n\t\t\t\t\t<\/a>\n\t\t\t\t<\/div>\n\t\t\t\t\t\t\t\t<\/div>\n\t\t\t\t<\/div>\n\t\t\t\t<\/div>\n\t\t\t\t<\/div>\n\t\t\t\t<\/div>\n\t\t","protected":false},"excerpt":{"rendered":"<p>Kantonale Umsetzung Entwicklung in der Region M\u00f6chten Sie sich f\u00fcr das ClimaCert-Verfahren anmelden? Sind Sie Landwirtin oder Landwirt und m\u00f6chten sich f\u00fcr die Klimawende engagieren? Hier k\u00f6nnen Sie sich \u00fcber die Anmeldebedingungen und die einzelnen Schritte der ClimaCert-Initiative informieren. Alles, was Sie \u00fcber ClimaCert wissen m\u00fcssen<\/p>\n","protected":false},"author":1,"featured_media":0,"parent":0,"menu_order":0,"comment_status":"closed","ping_status":"closed","template":"","meta":{"footnotes":""},"class_list":["post-13134","page","type-page","status-publish","hentry"],"_links":{"self":[{"href":"https:\/\/agroimpact.ch\/de\/wp-json\/wp\/v2\/pages\/13134","targetHints":{"allow":["GET"]}}],"collection":[{"href":"https:\/\/agroimpact.ch\/de\/wp-json\/wp\/v2\/pages"}],"about":[{"href":"https:\/\/agroimpact.ch\/de\/wp-json\/wp\/v2\/types\/page"}],"author":[{"embeddable":true,"href":"https:\/\/agroimpact.ch\/de\/wp-json\/wp\/v2\/users\/1"}],"replies":[{"embeddable":true,"href":"https:\/\/agroimpact.ch\/de\/wp-json\/wp\/v2\/comments?post=13134"}],"version-history":[{"count":3,"href":"https:\/\/agroimpact.ch\/de\/wp-json\/wp\/v2\/pages\/13134\/revisions"}],"predecessor-version":[{"id":14469,"href":"https:\/\/agroimpact.ch\/de\/wp-json\/wp\/v2\/pages\/13134\/revisions\/14469"}],"wp:attachment":[{"href":"https:\/\/agroimpact.ch\/de\/wp-json\/wp\/v2\/media?parent=13134"}],"curies":[{"name":"wp","href":"https:\/\/api.w.org\/{rel}","templated":true}]}}